{"id":327,"date":"2022-09-21T08:26:00","date_gmt":"2022-09-21T08:26:00","guid":{"rendered":"https:\/\/labejanegra.com\/qui-sommes-nous\/"},"modified":"2024-10-10T04:03:59","modified_gmt":"2024-10-10T04:03:59","slug":"qui-sommes-nous","status":"publish","type":"page","link":"https:\/\/labejanegra.com\/fr\/qui-sommes-nous\/","title":{"rendered":"Qui sommes-nous?"},"content":{"rendered":"<div id='layer_slider_1'  class='avia-layerslider main_color avia-shadow  avia-builder-el-0  el_before_av_one_half  avia-builder-el-first  container_wrap sidebar_right'  style='height: 551px; max-width: 1280px; margin: 0 auto;'  ><\/div><div id='after_layer_slider_1'  class='main_color av_default_container_wrap container_wrap sidebar_right'  ><div class='container av-section-cont-open' ><div class='template-page content  av-content-small alpha units'><div class='post-entry post-entry-type-page post-entry-327'><div class='entry-content-wrapper clearfix'>\n<div  class='flex_column av-ey8md-e9e6d3f310a65c6ebfcf6c75d1c2329f av_one_half  avia-builder-el-1  el_after_av_layerslider  el_before_av_one_half  avia-builder-el-first  first flex_column_div  '     ><section  class='av_textblock_section av-l8bd6j4u-af508e2fcab9b6f09b05c4190ae42025 '   itemscope=\"itemscope\" itemtype=\"https:\/\/schema.org\/CreativeWork\" ><div class='avia_textblock'  itemprop=\"text\" ><div class=\"section\">\n<div class=\"layoutArea\">\n<div class=\"column\">\n<h5>Nous sommes <strong>Diego D\u00edez Crespo et Mattia Ferramosca<\/strong>, <strong>apiculteurs professionnels<\/strong> \u00e9tablis en Cantabrie qui, en combinant nos connaissances, nos techniques de gestion et notre exp\u00e9rience, avons d\u00e9cid\u00e9 de lancer le<strong> projet Abeja Negra\/Abeille noire<\/strong>.<\/h5>\n<\/div>\n<\/div>\n<\/div>\n<\/div><\/section><\/div><div  class='flex_column av-9ivfx-583d8e196aebf08d636f1961b42f6b4d av_one_half  avia-builder-el-3  el_after_av_one_half  el_before_av_section  avia-builder-el-last  flex_column_div  '     ><section  class='av_textblock_section av-l8bd76b4-36d6daf6e2763b26a289af79a7d07973 '   itemscope=\"itemscope\" itemtype=\"https:\/\/schema.org\/CreativeWork\" ><div class='avia_textblock'  itemprop=\"text\" ><div class=\"page\" title=\"Page 1\">\n<div class=\"section\">\n<div class=\"layoutArea\">\n<div class=\"column\">\n<h5>Nous avons tous deux une <strong>formation universitaire,<\/strong> Diego en tant qu&rsquo;<strong>ing\u00e9nieur technique forestier<\/strong> de l&rsquo;Universit\u00e9 de Valladolid et Mattia en tant qu&rsquo;<strong>ing\u00e9nieur en sciences de l&rsquo;environnement et foresti\u00e8res<\/strong> de l&rsquo;Universit\u00e9 de Padoue (Italie).<\/h5>\n<\/div>\n<\/div>\n<\/div>\n<\/div>\n<\/div><\/section><\/div><\/div><\/div><\/div><!-- close content main div --><\/div><\/div>\n<style type=\"text\/css\" data-created_by=\"avia_inline_auto\" id=\"style-css-av-l8bduk66-0becf3f5c40992c8f2bf06f12246331c\">\n.avia-section.av-l8bduk66-0becf3f5c40992c8f2bf06f12246331c .av-parallax .av-parallax-inner{\nbackground-repeat:no-repeat;\nbackground-image:url(https:\/\/labejanegra.com\/wp-content\/uploads\/2022\/09\/59845600_638702793240533_5864251258222673920_n.jpg);\nbackground-position:50% 50%;\nbackground-attachment:scroll;\n}\n.avia-section.av-l8bduk66-0becf3f5c40992c8f2bf06f12246331c .av-section-color-overlay{\nopacity:0.3;\nbackground-color:#df7a00;\n}\n<\/style>\n<div id='av_section_1'  class='avia-section av-l8bduk66-0becf3f5c40992c8f2bf06f12246331c main_color avia-section-default avia-no-border-styling  avia-builder-el-5  el_after_av_one_half  avia-builder-el-last  av-parallax-section avia-bg-style-parallax av-section-color-overlay-active av-minimum-height av-minimum-height-15 av-height-percent  container_wrap sidebar_right'  data-section-bg-repeat='no-repeat' data-av_minimum_height_pc='15' data-av_min_height_opt='percent'><div class='av-parallax' data-avia-parallax-ratio='0.3' ><div class='av-parallax-inner main_color avia-full-stretch'><\/div><\/div><div class=\"av-section-color-overlay-wrap\"><div class=\"av-section-color-overlay\"><\/div><div class='container av-section-cont-open' ><div class='template-page content  av-content-small alpha units'><div class='post-entry post-entry-type-page post-entry-327'><div class='entry-content-wrapper clearfix'>\n<div  class='flex_column av-j4585-becfadc6648f7730a64f213e31f32a57 av_one_third  avia-builder-el-6  el_before_av_one_third  avia-builder-el-first  first flex_column_div  '     ><\/div><div  class='flex_column av-dg539-b29c7740550600d0801962c9e59f3a1e av_one_third  avia-builder-el-7  el_after_av_one_third  el_before_av_one_third  flex_column_div  '     ><style type=\"text\/css\" data-created_by=\"avia_inline_auto\" id=\"style-css-av-l8fz4jfr-8ef0b178739c49de6890a68eb0819135\">\n.avia-image-container.av-l8fz4jfr-8ef0b178739c49de6890a68eb0819135 img.avia_image{\nbox-shadow:none;\n}\n.avia-image-container.av-l8fz4jfr-8ef0b178739c49de6890a68eb0819135 .av-image-caption-overlay-center{\ncolor:#ffffff;\n}\n<\/style>\n<div  class='avia-image-container av-l8fz4jfr-8ef0b178739c49de6890a68eb0819135 av-styling- avia-align-center  avia-builder-el-8  avia-builder-el-no-sibling '   itemprop=\"image\" itemscope=\"itemscope\" itemtype=\"https:\/\/schema.org\/ImageObject\" ><div class=\"avia-image-container-inner\"><div class=\"avia-image-overlay-wrap\"><img decoding=\"async\" fetchpriority=\"high\" class='wp-image-272 avia-img-lazy-loading-not-272 avia_image ' src=\"https:\/\/labejanegra.com\/wp-content\/uploads\/2022\/09\/logo_abeja_slider.png\" alt='' title='logo_abeja_slider'  height=\"57\" width=\"53\"  itemprop=\"thumbnailUrl\"  \/><\/div><\/div><\/div><\/div><div  class='flex_column av-8zlrp-5e57d7194dc21de4797dc6b9e2844a4d av_one_third  avia-builder-el-9  el_after_av_one_third  avia-builder-el-last  flex_column_div  '     ><\/div>\n<\/div><\/div><\/div><!-- close content main div --><\/div><\/div><\/div><div id='after_section_1'  class='main_color av_default_container_wrap container_wrap sidebar_right'  ><div class='container av-section-cont-open' ><div class='template-page content  av-content-small alpha units'><div class='post-entry post-entry-type-page post-entry-327'><div class='entry-content-wrapper clearfix'><\/p>\n","protected":false},"excerpt":{"rendered":"","protected":false},"author":1,"featured_media":0,"parent":0,"menu_order":0,"comment_status":"closed","ping_status":"closed","template":"","meta":{"footnotes":""},"class_list":["post-327","page","type-page","status-publish","hentry"],"_links":{"self":[{"href":"https:\/\/labejanegra.com\/fr\/wp-json\/wp\/v2\/pages\/327","targetHints":{"allow":["GET"]}}],"collection":[{"href":"https:\/\/labejanegra.com\/fr\/wp-json\/wp\/v2\/pages"}],"about":[{"href":"https:\/\/labejanegra.com\/fr\/wp-json\/wp\/v2\/types\/page"}],"author":[{"embeddable":true,"href":"https:\/\/labejanegra.com\/fr\/wp-json\/wp\/v2\/users\/1"}],"replies":[{"embeddable":true,"href":"https:\/\/labejanegra.com\/fr\/wp-json\/wp\/v2\/comments?post=327"}],"version-history":[{"count":12,"href":"https:\/\/labejanegra.com\/fr\/wp-json\/wp\/v2\/pages\/327\/revisions"}],"predecessor-version":[{"id":869,"href":"https:\/\/labejanegra.com\/fr\/wp-json\/wp\/v2\/pages\/327\/revisions\/869"}],"wp:attachment":[{"href":"https:\/\/labejanegra.com\/fr\/wp-json\/wp\/v2\/media?parent=327"}],"curies":[{"name":"wp","href":"https:\/\/api.w.org\/{rel}","templated":true}]}}