{"id":331,"date":"2022-09-23T18:54:49","date_gmt":"2022-09-23T18:54:49","guid":{"rendered":"https:\/\/labejanegra.com\/vente-dessaims\/"},"modified":"2024-11-04T10:42:06","modified_gmt":"2024-11-04T10:42:06","slug":"vente-dessaims","status":"publish","type":"page","link":"https:\/\/labejanegra.com\/fr\/vente-dessaims\/","title":{"rendered":"Vente d\u2019essaims"},"content":{"rendered":"<div id='layer_slider_1'  class='avia-layerslider main_color avia-shadow  avia-builder-el-0  el_before_av_one_half  avia-builder-el-first  container_wrap sidebar_right'  style='height: 721px; max-width: 1280px; margin: 0 auto;'  ><\/div><div id='after_layer_slider_1'  class='main_color av_default_container_wrap container_wrap sidebar_right'  ><div class='container av-section-cont-open' ><div class='template-page content  av-content-small alpha units'><div class='post-entry post-entry-type-page post-entry-331'><div class='entry-content-wrapper clearfix'>\n<div  class='flex_column av-a43ch-5a3a6fb701d3f22ea9c3097d03b27282 av_one_half  avia-builder-el-1  el_after_av_layerslider  el_before_av_one_half  avia-builder-el-first  first flex_column_div  '     ><section  class='av_textblock_section av-m1q8w1h4-5a18b54b6d95769599babd5c720a104e '   itemscope=\"itemscope\" itemtype=\"https:\/\/schema.org\/CreativeWork\" ><div class='avia_textblock'  itemprop=\"text\" ><p class=\"p1\"><span class=\"s1\"><b>PRIX ESSAIMS <\/b><\/span><span class=\"HwtZe\" lang=\"fr\"><span class=\"jCAhz ChMk0b\"><span class=\"ryNqvb\">(sans TVA)<\/span><\/span><\/span><b><\/b><\/p>\n<\/div><\/section><br \/>\n<div  class='tabcontainer av-m1q91t3w-7720609864438024df03713eac0b9254 sidebar_tab sidebar_tab_left  avia-builder-el-3  el_after_av_textblock  avia-builder-el-last  border_tabs'>\n<section class='av_tab_section av_tab_section av-m1q8xl7o-3be1e2343d8776c6d9886bc67965ae71'  itemscope=\"itemscope\" itemtype=\"https:\/\/schema.org\/CreativeWork\" ><div id='tab-id-1-tab' class='tab active_tab' role='tab' aria-selected=\"true\" tabindex=\"0\" data-fake-id='#tab-id-1' aria-controls='tab-id-1-content'  itemprop=\"headline\" >Essaim langstroth<\/div><div id='tab-id-1-content' class='tab_content active_tab_content' role='tabpanel' aria-labelledby='tab-id-1-tab' aria-hidden=\"false\"><div class='tab_inner_content invers-color'  itemprop=\"text\" ><p class=\"p1\"><span class=\"s1\">1 a 20 uds.: 100 \u20ac \/ ud.<\/span><\/p>\n<p class=\"p1\"><span class=\"s1\">20 a 50 uds.: 93 \u20ac \/ ud.<\/span><\/p>\n<p class=\"p1\"><span class=\"s1\">&gt; 50 uds.: 90 \u20ac \/ ud.<\/span><\/p>\n<\/div><\/div><\/section>\n<section class='av_tab_section av_tab_section av-m1q8y5cn-65490157ebe0f80fa15b600f18ec2567'  itemscope=\"itemscope\" itemtype=\"https:\/\/schema.org\/CreativeWork\" ><div id='tab-id-2-tab' class='tab' role='tab' aria-selected=\"false\" tabindex=\"0\" data-fake-id='#tab-id-2' aria-controls='tab-id-2-content'  itemprop=\"headline\" >Essaim Dadant fran\u00e7ais<\/div><div id='tab-id-2-content' class='tab_content' role='tabpanel' aria-labelledby='tab-id-2-tab' aria-hidden=\"true\"><div class='tab_inner_content invers-color'  itemprop=\"text\" ><p class=\"p1\"><span class=\"s1\">1 a 20 uds.: 120 \u20ac \/ ud.<\/span><\/p>\n<p class=\"p1\"><span class=\"s1\">20 a 50 uds.: 110 \u20ac \/ ud.<\/span><\/p>\n<p class=\"p1\"><span class=\"s1\">&gt; 50 uds.: 105 \u20ac \/ ud.<\/span><\/p>\n<\/div><\/div><\/section>\n<section class='av_tab_section av_tab_section av-m1q8zspk-ea100d611629210a65a660aa6b2d2e5d'  itemscope=\"itemscope\" itemtype=\"https:\/\/schema.org\/CreativeWork\" ><div id='tab-id-3-tab' class='tab' role='tab' aria-selected=\"false\" tabindex=\"0\" data-fake-id='#tab-id-3' aria-controls='tab-id-3-content'  itemprop=\"headline\" >D\u00e9placement<\/div><div id='tab-id-3-content' class='tab_content' role='tabpanel' aria-labelledby='tab-id-3-tab' aria-hidden=\"true\"><div class='tab_inner_content invers-color'  itemprop=\"text\" ><p>Bayonna: 2,5 \u20ac \/ <span class=\"s1\">ud.<\/span><\/p>\n<p>Saint-Laurent-sur-Gorre &#8211; Limoges: 6 \u20ac \/ <span class=\"s1\">ud.<\/span><\/p>\n<p>Carcasonne: 6 \u20ac \/ <span class=\"s1\">ud.<\/span><\/p>\n<p>Madrid:\u00a0 2,5\u20ac \/ <span class=\"s1\">ud.<\/span><\/p>\n<p>Cantabria: 0 \u20ac \/ <span class=\"s1\">ud.<\/span><\/p>\n<\/div><\/div><\/section>\n<section class='av_tab_section av_tab_section av-m1q91rx1-ac20fa5241015cd4254a7b45ab3b8628'  itemscope=\"itemscope\" itemtype=\"https:\/\/schema.org\/CreativeWork\" ><div id='tab-id-4-tab' class='tab' role='tab' aria-selected=\"false\" tabindex=\"0\" data-fake-id='#tab-id-4' aria-controls='tab-id-4-content'  itemprop=\"headline\" >Bo\u00eete en polypropyl\u00e8ne<\/div><div id='tab-id-4-content' class='tab_content' role='tabpanel' aria-labelledby='tab-id-4-tab' aria-hidden=\"true\"><div class='tab_inner_content invers-color'  itemprop=\"text\" ><p>Dadant fran\u00e7ais: 7 \u20ac \/ <span class=\"s1\">ud.<\/span><\/p>\n<p>Langtroth: 6 \u20ac \/ <span class=\"s1\">ud.<\/span><\/p>\n<p><span class=\"HwtZe\" lang=\"fr\"><span class=\"jCAhz ChMk0b\"><span class=\"ryNqvb\">PS : Possibilit\u00e9 de renvoyer les cartons par courrier ordinaire ou lors d&rsquo;une livraison ult\u00e9rieure d&rsquo;essaims contre remboursement de l&rsquo;argent.<\/span><\/span><\/span><\/p>\n<\/div><\/div><\/section>\n<\/div><\/p><\/div>\n<div  class='flex_column av-jh3ah-7256bfe68a619ae1216d9eb7eb36edce av_one_half  avia-builder-el-4  el_after_av_one_half  el_before_av_hr  flex_column_div  '     ><section  class='av_textblock_section av-m1q8rv6n-ea77208c0f4c966bb0f567080bb3753f '   itemscope=\"itemscope\" itemtype=\"https:\/\/schema.org\/CreativeWork\" ><div class='avia_textblock'  itemprop=\"text\" ><p class=\"p1\"><span class=\"s1\"><b>CARACT\u00c8RISTIQUES<\/b><\/span><\/p>\n<\/div><\/section><br \/>\n<section  class='av_textblock_section av-m1q8uqbl-002cda96fb5b6024d6604caa42b2f95d '   itemscope=\"itemscope\" itemtype=\"https:\/\/schema.org\/CreativeWork\" ><div class='avia_textblock'  itemprop=\"text\" ><h5><strong>Essaims<\/strong> en deux types: <strong>Langstroth<\/strong> et <strong>Dadant fran\u00e7ais<\/strong>. Tous deux en <strong>5 cadres<\/strong>, avec un minimum de 3 cadres de couvain (4 dans la plupart des essaims) et 2 de miel et de pollen. Les 5 cadres sont servis <strong>pleins d&rsquo;abeilles<\/strong>.<\/h5>\n<h5>&#8211;<\/h5>\n<h5><strong>Jeunes reines<\/strong> de <strong>l&rsquo;ann\u00e9e pr\u00e9c\u00e9dente<\/strong> concernant les dates de livraison.<\/h5>\n<h5>&#8211;<\/h5>\n<h5>Les essaims seront <strong>trait\u00e9s contre le varroa<\/strong> et <strong>contr\u00f4l\u00e9s durant l&rsquo;hiver et le printemps avant leur livraison<\/strong>. Tout essaim pr\u00e9sentant des maladies ou des probl\u00e8mes sera \u00e9limin\u00e9.<\/h5>\n<\/div><\/section><\/p><\/div>\n\n<style type=\"text\/css\" data-created_by=\"avia_inline_auto\" id=\"style-css-av-7hp75-d07fe7a7f6ef385d3df57585c43fd908\">\n#top .hr.av-7hp75-d07fe7a7f6ef385d3df57585c43fd908{\nmargin-top:10px;\nmargin-bottom:10px;\n}\n.hr.av-7hp75-d07fe7a7f6ef385d3df57585c43fd908 .hr-inner{\nwidth:100%;\n}\n<\/style>\n<div  class='hr av-7hp75-d07fe7a7f6ef385d3df57585c43fd908 hr-custom  avia-builder-el-7  el_after_av_one_half  el_before_av_one_half  hr-center hr-icon-no'><span class='hr-inner inner-border-av-border-thin'><span class=\"hr-inner-style\"><\/span><\/span><\/div>\n\n<style type=\"text\/css\" data-created_by=\"avia_inline_auto\" id=\"style-css-av-lbzgx-44559755b1b96de6294c3148461a7832\">\n.flex_column.av-lbzgx-44559755b1b96de6294c3148461a7832{\nborder-radius:0 0 0 0;\n}\n<\/style>\n<div  class='flex_column av-lbzgx-44559755b1b96de6294c3148461a7832 av_one_half  avia-builder-el-8  el_after_av_hr  el_before_av_one_half  first flex_column_div  '     ><style type=\"text\/css\" data-created_by=\"avia_inline_auto\" id=\"style-css-av-m1q94ujz-01acfec785f7340fa30ce0f9ce450097\">\n.avia-image-container.av-m1q94ujz-01acfec785f7340fa30ce0f9ce450097 img.avia_image{\nbox-shadow:none;\n}\n.avia-image-container.av-m1q94ujz-01acfec785f7340fa30ce0f9ce450097 .av-image-caption-overlay-center{\ncolor:#ffffff;\n}\n<\/style>\n<div  class='avia-image-container av-m1q94ujz-01acfec785f7340fa30ce0f9ce450097 av-styling- avia-align-center  avia-builder-el-9  avia-builder-el-no-sibling '   itemprop=\"image\" itemscope=\"itemscope\" itemtype=\"https:\/\/schema.org\/ImageObject\" ><div class=\"avia-image-container-inner\"><div class=\"avia-image-overlay-wrap\"><img decoding=\"async\" fetchpriority=\"high\" class='wp-image-430 avia-img-lazy-loading-not-430 avia_image ' src=\"https:\/\/labejanegra.com\/wp-content\/uploads\/2024\/09\/enjambres.jpg\" alt='' title='enjambres'  height=\"720\" width=\"960\"  itemprop=\"thumbnailUrl\" srcset=\"https:\/\/labejanegra.com\/wp-content\/uploads\/2024\/09\/enjambres.jpg 960w, https:\/\/labejanegra.com\/wp-content\/uploads\/2024\/09\/enjambres-300x225.jpg 300w, https:\/\/labejanegra.com\/wp-content\/uploads\/2024\/09\/enjambres-768x576.jpg 768w, https:\/\/labejanegra.com\/wp-content\/uploads\/2024\/09\/enjambres-705x529.jpg 705w\" sizes=\"(max-width: 960px) 100vw, 960px\" \/><\/div><\/div><\/div><\/div>\n\n<style type=\"text\/css\" data-created_by=\"avia_inline_auto\" id=\"style-css-av-av_one_half-c95b13ddb40f90311a689d7144cdab07\">\n.flex_column.av-av_one_half-c95b13ddb40f90311a689d7144cdab07{\nborder-radius:0 0 0 0;\n}\n<\/style>\n<div  class='flex_column av-av_one_half-c95b13ddb40f90311a689d7144cdab07 av_one_half  avia-builder-el-10  el_after_av_one_half  el_before_av_section  avia-builder-el-last  flex_column_div  '     ><section  class='av_textblock_section av-m1q95p49-d6c02ea95b7270045ae759ec74952d97 '   itemscope=\"itemscope\" itemtype=\"https:\/\/schema.org\/CreativeWork\" ><div class='avia_textblock'  itemprop=\"text\" ><p class=\"p1\"><strong>CONDITIONS DE LIVRAISON<\/strong><\/p>\n<\/div><\/section><br \/>\n<section  class='av_textblock_section av-l8euuy4b-67cac63d22d78a4fa8c4505833d15900 '   itemscope=\"itemscope\" itemtype=\"https:\/\/schema.org\/CreativeWork\" ><div class='avia_textblock'  itemprop=\"text\" ><div class=\"page\" title=\"Page 2\">\n<div class=\"section\">\n<div class=\"layoutArea\">\n<h5 class=\"column\">Normalement, les <strong>dates de livraison<\/strong> de nos produits sont la deuxi\u00e8me et la troisi\u00e8me semaine <strong>d&rsquo;avril<\/strong>,<strong> l&rsquo;apr\u00e8s-midi d&rsquo;un jour de week-end<\/strong>.<\/h5>\n<h5>&#8211;<\/h5>\n<h5 class=\"column\">La <strong>livraison<\/strong> sera <strong>commune<\/strong> \u00e0 <strong>tous les clients<\/strong> et <strong>nous livrerons personnellement les essaims<\/strong> au <strong>rendez-vous commun<\/strong> avec <strong>tous les apiculteurs<\/strong>.<\/h5>\n<h5>&#8211;<\/h5>\n<h5 class=\"column\">Nous disposons de trois points de <strong>livraison en France<\/strong> : <strong>Bayonne, Limoges et Carcassonne<\/strong>, tandis qu&rsquo;en <strong>Espagne<\/strong> nous livrons \u00e0 <strong>Madrid<\/strong> ou directement en <strong>Cantabrie<\/strong>. Il est \u00e9galement possible d&rsquo;\u00e9valuer d&rsquo;autres destinations sur accord pr\u00e9alable.<\/h5>\n<h5>&#8211;<\/h5>\n<h5 class=\"column\">Lors de tous les voyages, les essaims seront d\u00e9plac\u00e9s et livr\u00e9s avec des trous de vol ouverts pour minimiser le stress.<\/h5>\n<h5>&#8211;<\/h5>\n<h5 class=\"column\">Il est n\u00e9cessaire de <strong>r\u00e9server<\/strong> les <strong>essaims<\/strong> avec un acompte de <strong>20% par virement bancaire<\/strong>. Le <strong>paiement restant<\/strong> peut \u00eatre effectu\u00e9 par <strong>virement bancaire ou au moment de la livraison<\/strong>.<\/h5>\n<h5>&#8211;<\/h5>\n<h5 class=\"column\"><strong>Les ch\u00e8ques bancaires ne sont pas accept\u00e9s.<\/strong><\/h5>\n<\/div>\n<\/div>\n<\/div>\n<\/div><\/section><\/p><\/div>\n<\/div><\/div><\/div><!-- close content main div --><\/div><\/div>\n<style type=\"text\/css\" data-created_by=\"avia_inline_auto\" id=\"style-css-av-l8evhls2-753465b21dc22a236dd3ced2493bf0a3\">\n.avia-section.av-l8evhls2-753465b21dc22a236dd3ced2493bf0a3 .av-parallax .av-parallax-inner{\nbackground-repeat:no-repeat;\nbackground-image:url(https:\/\/labejanegra.com\/wp-content\/uploads\/2022\/09\/20211219_111119PEQ.jpg);\nbackground-position:0% 0%;\nbackground-attachment:scroll;\n}\n.avia-section.av-l8evhls2-753465b21dc22a236dd3ced2493bf0a3 .av-section-color-overlay{\nopacity:0.3;\nbackground-color:#df7a00;\n}\n<\/style>\n<div id='av_section_1'  class='avia-section av-l8evhls2-753465b21dc22a236dd3ced2493bf0a3 main_color avia-section-default avia-no-border-styling  avia-builder-el-13  el_after_av_one_half  avia-builder-el-last  av-parallax-section avia-bg-style-parallax av-section-color-overlay-active av-minimum-height av-minimum-height-15 av-height-percent  container_wrap sidebar_right'  data-section-bg-repeat='no-repeat' data-av_minimum_height_pc='15' data-av_min_height_opt='percent'><div class='av-parallax' data-avia-parallax-ratio='0.3' ><div class='av-parallax-inner main_color avia-full-stretch'><\/div><\/div><div class=\"av-section-color-overlay-wrap\"><div class=\"av-section-color-overlay\"><\/div><div class='container av-section-cont-open' ><div class='template-page content  av-content-small alpha units'><div class='post-entry post-entry-type-page post-entry-331'><div class='entry-content-wrapper clearfix'>\n<div  class='flex_column av-j9161-e64a51827644f2a59debf20f3da7a370 av_one_third  avia-builder-el-14  el_before_av_one_third  avia-builder-el-first  first flex_column_div  '     ><\/div><div  class='flex_column av-dal9d-f3c4aee754ac6e12115481aea36e5a69 av_one_third  avia-builder-el-15  el_after_av_one_third  el_before_av_one_third  flex_column_div  '     ><style type=\"text\/css\" data-created_by=\"avia_inline_auto\" id=\"style-css-av-l8fp0rjn-9bd3c9bce2b2922e5548cf0b5147c898\">\n.avia-image-container.av-l8fp0rjn-9bd3c9bce2b2922e5548cf0b5147c898 img.avia_image{\nbox-shadow:none;\n}\n.avia-image-container.av-l8fp0rjn-9bd3c9bce2b2922e5548cf0b5147c898 .av-image-caption-overlay-center{\ncolor:#ffffff;\n}\n<\/style>\n<div  class='avia-image-container av-l8fp0rjn-9bd3c9bce2b2922e5548cf0b5147c898 av-styling- avia-align-center  avia-builder-el-16  avia-builder-el-no-sibling '   itemprop=\"image\" itemscope=\"itemscope\" itemtype=\"https:\/\/schema.org\/ImageObject\" ><div class=\"avia-image-container-inner\"><div class=\"avia-image-overlay-wrap\"><img decoding=\"async\" fetchpriority=\"high\" class='wp-image-272 avia-img-lazy-loading-not-272 avia_image ' src=\"https:\/\/labejanegra.com\/wp-content\/uploads\/2022\/09\/logo_abeja_slider.png\" alt='' title='logo_abeja_slider'  height=\"57\" width=\"53\"  itemprop=\"thumbnailUrl\"  \/><\/div><\/div><\/div><\/div><div  class='flex_column av-asqox-7a5fb3e3703b82f70837552b419983a4 av_one_third  avia-builder-el-17  el_after_av_one_third  avia-builder-el-last  flex_column_div  '     ><\/div>\n<\/div><\/div><\/div><!-- close content main div --><\/div><\/div><\/div><div id='after_section_1'  class='main_color av_default_container_wrap container_wrap sidebar_right'  ><div class='container av-section-cont-open' ><div class='template-page content  av-content-small alpha units'><div class='post-entry post-entry-type-page post-entry-331'><div class='entry-content-wrapper clearfix'>\n","protected":false},"excerpt":{"rendered":"","protected":false},"author":1,"featured_media":0,"parent":0,"menu_order":0,"comment_status":"closed","ping_status":"closed","template":"","meta":{"footnotes":""},"class_list":["post-331","page","type-page","status-publish","hentry"],"_links":{"self":[{"href":"https:\/\/labejanegra.com\/fr\/wp-json\/wp\/v2\/pages\/331","targetHints":{"allow":["GET"]}}],"collection":[{"href":"https:\/\/labejanegra.com\/fr\/wp-json\/wp\/v2\/pages"}],"about":[{"href":"https:\/\/labejanegra.com\/fr\/wp-json\/wp\/v2\/types\/page"}],"author":[{"embeddable":true,"href":"https:\/\/labejanegra.com\/fr\/wp-json\/wp\/v2\/users\/1"}],"replies":[{"embeddable":true,"href":"https:\/\/labejanegra.com\/fr\/wp-json\/wp\/v2\/comments?post=331"}],"version-history":[{"count":36,"href":"https:\/\/labejanegra.com\/fr\/wp-json\/wp\/v2\/pages\/331\/revisions"}],"predecessor-version":[{"id":946,"href":"https:\/\/labejanegra.com\/fr\/wp-json\/wp\/v2\/pages\/331\/revisions\/946"}],"wp:attachment":[{"href":"https:\/\/labejanegra.com\/fr\/wp-json\/wp\/v2\/media?parent=331"}],"curies":[{"name":"wp","href":"https:\/\/api.w.org\/{rel}","templated":true}]}}