{"id":334,"date":"2022-09-23T19:28:39","date_gmt":"2022-09-23T19:28:39","guid":{"rendered":"https:\/\/labejanegra.com\/gelee-royale\/"},"modified":"2024-11-04T10:14:33","modified_gmt":"2024-11-04T10:14:33","slug":"gelee-royale","status":"publish","type":"page","link":"https:\/\/labejanegra.com\/fr\/gelee-royale\/","title":{"rendered":"Vente de Gel\u00e9e Royale"},"content":{"rendered":"<div id='layer_slider_1'  class='avia-layerslider main_color avia-shadow  avia-builder-el-0  el_before_av_one_half  avia-builder-el-first  container_wrap sidebar_right'  style='height: 721px; max-width: 1280px; margin: 0 auto;'  ><\/div><div id='after_layer_slider_1'  class='main_color av_default_container_wrap container_wrap sidebar_right'  ><div class='container av-section-cont-open' ><div class='template-page content  av-content-small alpha units'><div class='post-entry post-entry-type-page post-entry-334'><div class='entry-content-wrapper clearfix'>\n<div  class='flex_column av-b5uxn-817238e81f54b89322e20e470cecbf54 av_one_half  avia-builder-el-1  el_after_av_layerslider  el_before_av_one_half  avia-builder-el-first  first flex_column_div  '     ><style type=\"text\/css\" data-created_by=\"avia_inline_auto\" id=\"style-css-av-l8evvx4n-d2ccf0b34c6fc430a51a38c9c530de61\">\n#top .av_textblock_section.av-l8evvx4n-d2ccf0b34c6fc430a51a38c9c530de61 .avia_textblock{\ncolor:#eeee22;\n}\n<\/style>\n<section  class='av_textblock_section av-l8evvx4n-d2ccf0b34c6fc430a51a38c9c530de61 '   itemscope=\"itemscope\" itemtype=\"https:\/\/schema.org\/CreativeWork\" ><div class='avia_textblock av_inherit_color'  itemprop=\"text\" ><div class=\"page\" title=\"Page 2\">\n<div class=\"section\">\n<div class=\"layoutArea\">\n<p class=\"column\"><span style=\"color: #eaac00;\"><span class=\"HwtZe\" lang=\"fr\"><span class=\"jCAhz ChMk0b\"><span class=\"ryNqvb\"><strong>PRIX<\/strong> \u200b\u200b<\/span><\/span><\/span><span class=\"HwtZe\" lang=\"fr\"><span class=\"jCAhz ChMk0b\"><span class=\"ryNqvb\">(sans frais de port ni TVA)<\/span><\/span><\/span><\/span><\/p>\n<\/div>\n<\/div>\n<\/div>\n<\/div><\/section><br \/>\n<div  class='tabcontainer av-m1q9e93h-84bb039d7f334f69bd59df803272e15b top_tab  avia-builder-el-3  el_after_av_textblock  el_before_av_hr '>\n<section class='av_tab_section av_tab_section av-m1q9dcar-2e914fdaf5cae6dc3180fb0b52c05c72'  itemscope=\"itemscope\" itemtype=\"https:\/\/schema.org\/CreativeWork\" ><div id='tab-id-1-tab' class='tab active_tab' role='tab' aria-selected=\"true\" tabindex=\"0\" data-fake-id='#tab-id-1' aria-controls='tab-id-1-content'  itemprop=\"headline\" >Ventes directes<\/div><div id='tab-id-1-content' class='tab_content active_tab_content' role='tabpanel' aria-labelledby='tab-id-1-tab' aria-hidden=\"false\"><div class='tab_inner_content invers-color'  itemprop=\"text\" ><p><span class=\"s1\">1 a 20 botes: 35\u20ac \/ ud.<\/span><\/p>\n<p><span class=\"s1\">&gt; 20 botes: 30\u20ac \/ ud.<\/span><\/p>\n<p><span class=\"s1\">\u00a0<\/span><\/p>\n<\/div><\/div><\/section>\n<section class='av_tab_section av_tab_section av-m1q9dnor-c49c50efde78da098d5a749171057634'  itemscope=\"itemscope\" itemtype=\"https:\/\/schema.org\/CreativeWork\" ><div id='tab-id-2-tab' class='tab' role='tab' aria-selected=\"false\" tabindex=\"0\" data-fake-id='#tab-id-2' aria-controls='tab-id-2-content'  itemprop=\"headline\" >Vente aux distributeurs<\/div><div id='tab-id-2-content' class='tab_content' role='tabpanel' aria-labelledby='tab-id-2-tab' aria-hidden=\"true\"><div class='tab_inner_content invers-color'  itemprop=\"text\" ><p><span class=\"s1\">&gt; 20 botes: 30\u20ac \/ ud.<\/span><\/p>\n<\/div><\/div><\/section>\n<\/div><br \/>\n\n<style type=\"text\/css\" data-created_by=\"avia_inline_auto\" id=\"style-css-av-m32v22cx-9407f628213cca3bf3c430d9d1a4aa62\">\n#top .hr.av-m32v22cx-9407f628213cca3bf3c430d9d1a4aa62{\nmargin-top:10px;\nmargin-bottom:10px;\n}\n.hr.av-m32v22cx-9407f628213cca3bf3c430d9d1a4aa62 .hr-inner{\nwidth:100%;\n}\n<\/style>\n<div  class='hr av-m32v22cx-9407f628213cca3bf3c430d9d1a4aa62 hr-custom  avia-builder-el-4  el_after_av_tab_container  el_before_av_textblock  hr-center hr-icon-no'><span class='hr-inner inner-border-av-border-thin'><span class=\"hr-inner-style\"><\/span><\/span><\/div><br \/>\n\n<style type=\"text\/css\" data-created_by=\"avia_inline_auto\" id=\"style-css-av-m1q9jxah-9f03e2e05323b6a133e05b3c9f2ec0af\">\n#top .av_textblock_section.av-m1q9jxah-9f03e2e05323b6a133e05b3c9f2ec0af .avia_textblock{\ncolor:#eeee22;\n}\n<\/style>\n<section  class='av_textblock_section av-m1q9jxah-9f03e2e05323b6a133e05b3c9f2ec0af '   itemscope=\"itemscope\" itemtype=\"https:\/\/schema.org\/CreativeWork\" ><div class='avia_textblock av_inherit_color'  itemprop=\"text\" ><div class=\"page\" title=\"Page 2\">\n<div class=\"section\">\n<div class=\"layoutArea\">\n<div class=\"column\">\n<p><span style=\"color: #eaac00;\"><strong><span class=\"HwtZe\" lang=\"fr\"><span class=\"jCAhz ChMk0b\"><span class=\"ryNqvb\">COMMERCIALISATION<\/span><\/span><\/span><\/strong><\/span><\/p>\n<\/div>\n<\/div>\n<\/div>\n<\/div>\n<\/div><\/section><br \/>\n<section  class='av_textblock_section av-m1q9bzya-63211203071f3428f32117b4df4e1193 '   itemscope=\"itemscope\" itemtype=\"https:\/\/schema.org\/CreativeWork\" ><div class='avia_textblock'  itemprop=\"text\" ><h5>Nous commercialisons notre gel\u00e9e royale fra\u00eeche en <strong>pots de 10g<\/strong> <strong>tant aupr\u00e8s du consommateur final que de nos distributeurs<\/strong>. Nous envoyons notre produit emball\u00e9 dans toute la p\u00e9ninsule dans une bo\u00eete isotherme avec sa cuill\u00e8re respective, en respectant la cha\u00eene du froid.<\/h5>\n<h5>&#8211;<\/h5>\n<h5><strong>Pourquoi notre gel\u00e9e royale est-elle diff\u00e9rente?<\/strong> \u00c9crivez-nous pour conna\u00eetre les analyses qualit\u00e9 de notre gel\u00e9e royale (acide 10-HDA).<\/h5>\n<\/div><\/section><br \/>\n\n<style type=\"text\/css\" data-created_by=\"avia_inline_auto\" id=\"style-css-av-av_hr-be1f1e7a8f3f41c5aa424376d0a14d24\">\n#top .hr.av-av_hr-be1f1e7a8f3f41c5aa424376d0a14d24{\nmargin-top:10px;\nmargin-bottom:10px;\n}\n.hr.av-av_hr-be1f1e7a8f3f41c5aa424376d0a14d24 .hr-inner{\nwidth:100%;\n}\n<\/style>\n<div  class='hr av-av_hr-be1f1e7a8f3f41c5aa424376d0a14d24 hr-custom  avia-builder-el-7  el_after_av_textblock  el_before_av_textblock  hr-center hr-icon-no'><span class='hr-inner inner-border-av-border-thin'><span class=\"hr-inner-style\"><\/span><\/span><\/div><br \/>\n\n<style type=\"text\/css\" data-created_by=\"avia_inline_auto\" id=\"style-css-av-m1q9bb22-e8e142ec467071d642b3dd01380f74a2\">\n#top .av_textblock_section.av-m1q9bb22-e8e142ec467071d642b3dd01380f74a2 .avia_textblock{\ncolor:#eeee22;\n}\n<\/style>\n<section  class='av_textblock_section av-m1q9bb22-e8e142ec467071d642b3dd01380f74a2 '   itemscope=\"itemscope\" itemtype=\"https:\/\/schema.org\/CreativeWork\" ><div class='avia_textblock av_inherit_color'  itemprop=\"text\" ><div class=\"page\" title=\"Page 2\">\n<div class=\"section\">\n<div class=\"layoutArea\">\n<div class=\"column\">\n<p><span style=\"color: #eaac00;\"><strong><span class=\"HwtZe\" lang=\"fr\"><span class=\"jCAhz ChMk0b\"><span class=\"ryNqvb\">NOTRE D\u00c9BUT<\/span><\/span><\/span><\/strong><\/span><\/p>\n<\/div>\n<\/div>\n<\/div>\n<\/div>\n<\/div><\/section><br \/>\n<section  class='av_textblock_section av-m1q98is0-938b53ecd4d42ca0f4401239bd52c1cf '   itemscope=\"itemscope\" itemtype=\"https:\/\/schema.org\/CreativeWork\" ><div class='avia_textblock'  itemprop=\"text\" ><h5>Nos <strong>d\u00e9buts<\/strong> remontent \u00e0 <strong>2020<\/strong> lorsque nous avons d\u00e9cid\u00e9 de produire et de commercialiser un <strong>produit diff\u00e9rent<\/strong> de la ruche.<\/h5>\n<h5>&#8211;<\/h5>\n<h5>Ann\u00e9e apr\u00e8s ann\u00e9e, nous parvenons \u00e0 <strong>am\u00e9liorer<\/strong> la <strong>technique<\/strong> gr\u00e2ce \u00e0 l&rsquo;apprentissage de coll\u00e8gues apiculteurs d&rsquo;autres pays et \u00e0 notre exp\u00e9rience dans chaque campagne.<\/h5>\n<h5>&#8211;<\/h5>\n<h5>Apr\u00e8s quatre ans, en <strong>2024<\/strong>, nous avons franchi une <strong>\u00e9tape importante<\/strong>. Une <strong>production constante tout au long de la campagne<\/strong> \u00e9tait essentielle pour augmenter le rendement de la r\u00e9colte de gel\u00e9e royale. <strong>En plus d&rsquo;augmenter le r\u00e9seau de clients et de distributeurs dans toute la p\u00e9ninsule<\/strong>.<\/h5>\n<h5>&#8211;<\/h5>\n<h5>Chaque ann\u00e9e, <strong>notre objectif principal est de produire davantage de gel\u00e9e royale<\/strong> et de partager nos exp\u00e9riences avec nos confr\u00e8res apiculteurs.<\/h5>\n<h5>&#8211;<\/h5>\n<h5>Pourtant, <strong>nous sommes aujourd\u2019hui les principaux producteurs de gel\u00e9e royale au niveau national<\/strong>.<\/h5>\n<\/div><\/section><\/p><\/div>\n<div  class='flex_column av-ggxsj-be2b5f69602a77b3f9121e43e1f78113 av_one_half  avia-builder-el-10  el_after_av_one_half  el_before_av_section  avia-builder-el-last  flex_column_div  '     ><style type=\"text\/css\" data-created_by=\"avia_inline_auto\" id=\"style-css-av-m1q9cajj-2d1aa303b1d83ea599c24a6e755ca9bb\">\n.avia-image-container.av-m1q9cajj-2d1aa303b1d83ea599c24a6e755ca9bb img.avia_image{\nbox-shadow:none;\n}\n.avia-image-container.av-m1q9cajj-2d1aa303b1d83ea599c24a6e755ca9bb .av-image-caption-overlay-center{\ncolor:#ffffff;\n}\n<\/style>\n<div  class='avia-image-container av-m1q9cajj-2d1aa303b1d83ea599c24a6e755ca9bb av-styling- avia-align-center  avia-builder-el-11  avia-builder-el-no-sibling '   itemprop=\"image\" itemscope=\"itemscope\" itemtype=\"https:\/\/schema.org\/ImageObject\" ><div class=\"avia-image-container-inner\"><div class=\"avia-image-overlay-wrap\"><img decoding=\"async\" fetchpriority=\"high\" class='wp-image-427 avia-img-lazy-loading-not-427 avia_image ' src=\"https:\/\/labejanegra.com\/wp-content\/uploads\/2024\/09\/Tercera-foto-686x1030.jpg\" alt='' title='Tercera foto'  height=\"1030\" width=\"686\"  itemprop=\"thumbnailUrl\" srcset=\"https:\/\/labejanegra.com\/wp-content\/uploads\/2024\/09\/Tercera-foto-686x1030.jpg 686w, https:\/\/labejanegra.com\/wp-content\/uploads\/2024\/09\/Tercera-foto-200x300.jpg 200w, https:\/\/labejanegra.com\/wp-content\/uploads\/2024\/09\/Tercera-foto-768x1152.jpg 768w, https:\/\/labejanegra.com\/wp-content\/uploads\/2024\/09\/Tercera-foto-1024x1536.jpg 1024w, https:\/\/labejanegra.com\/wp-content\/uploads\/2024\/09\/Tercera-foto-1000x1500.jpg 1000w, https:\/\/labejanegra.com\/wp-content\/uploads\/2024\/09\/Tercera-foto-470x705.jpg 470w, https:\/\/labejanegra.com\/wp-content\/uploads\/2024\/09\/Tercera-foto.jpg 1365w\" sizes=\"(max-width: 686px) 100vw, 686px\" \/><\/div><\/div><\/div><\/div><\/div><\/div><\/div><!-- close content main div --><\/div><\/div>\n<style type=\"text\/css\" data-created_by=\"avia_inline_auto\" id=\"style-css-av-l8ew1o5j-42345ceb2f212296ee5ade1828a10b8f\">\n.avia-section.av-l8ew1o5j-42345ceb2f212296ee5ade1828a10b8f .av-parallax .av-parallax-inner{\nbackground-repeat:no-repeat;\nbackground-image:url(https:\/\/labejanegra.com\/wp-content\/uploads\/2024\/09\/Presentacion1.jpg);\nbackground-position:50% 50%;\nbackground-attachment:scroll;\n}\n.avia-section.av-l8ew1o5j-42345ceb2f212296ee5ade1828a10b8f .av-section-color-overlay{\nopacity:0.3;\nbackground-color:#df7a00;\n}\n<\/style>\n<div id='av_section_1'  class='avia-section av-l8ew1o5j-42345ceb2f212296ee5ade1828a10b8f main_color avia-section-default avia-no-border-styling  avia-builder-el-12  el_after_av_one_half  avia-builder-el-last  av-parallax-section avia-bg-style-parallax av-section-color-overlay-active av-minimum-height av-minimum-height-15 av-height-percent  container_wrap sidebar_right'  data-section-bg-repeat='no-repeat' data-av_minimum_height_pc='15' data-av_min_height_opt='percent'><div class='av-parallax' data-avia-parallax-ratio='0.3' ><div class='av-parallax-inner main_color avia-full-stretch'><\/div><\/div><div class=\"av-section-color-overlay-wrap\"><div class=\"av-section-color-overlay\"><\/div><div class='container av-section-cont-open' ><div class='template-page content  av-content-small alpha units'><div class='post-entry post-entry-type-page post-entry-334'><div class='entry-content-wrapper clearfix'>\n<div  class='flex_column av-iwwgj-f826e50c5429e8f72d9917d33fe62f70 av_one_third  avia-builder-el-13  el_before_av_one_third  avia-builder-el-first  first flex_column_div  '     ><\/div><div  class='flex_column av-cqj23-15e7747d509c71e583a07651364a4414 av_one_third  avia-builder-el-14  el_after_av_one_third  el_before_av_one_third  flex_column_div  '     ><style type=\"text\/css\" data-created_by=\"avia_inline_auto\" id=\"style-css-av-l8fp21x0-b4b6abce5de9bf345ab10ba3d449a64c\">\n.avia-image-container.av-l8fp21x0-b4b6abce5de9bf345ab10ba3d449a64c img.avia_image{\nbox-shadow:none;\n}\n.avia-image-container.av-l8fp21x0-b4b6abce5de9bf345ab10ba3d449a64c .av-image-caption-overlay-center{\ncolor:#ffffff;\n}\n<\/style>\n<div  class='avia-image-container av-l8fp21x0-b4b6abce5de9bf345ab10ba3d449a64c av-styling- avia-align-center  avia-builder-el-15  avia-builder-el-no-sibling '   itemprop=\"image\" itemscope=\"itemscope\" itemtype=\"https:\/\/schema.org\/ImageObject\" ><div class=\"avia-image-container-inner\"><div class=\"avia-image-overlay-wrap\"><img decoding=\"async\" fetchpriority=\"high\" class='wp-image-272 avia-img-lazy-loading-not-272 avia_image ' src=\"https:\/\/labejanegra.com\/wp-content\/uploads\/2022\/09\/logo_abeja_slider.png\" alt='' title='logo_abeja_slider'  height=\"57\" width=\"53\"  itemprop=\"thumbnailUrl\"  \/><\/div><\/div><\/div><\/div><div  class='flex_column av-7cg6b-d351a09925b85bdc36ff98dc3793b0f3 av_one_third  avia-builder-el-16  el_after_av_one_third  avia-builder-el-last  flex_column_div  '     ><\/div>\n<\/div><\/div><\/div><!-- close content main div --><\/div><\/div><\/div><div id='after_section_1'  class='main_color av_default_container_wrap container_wrap sidebar_right'  ><div class='container av-section-cont-open' ><div class='template-page content  av-content-small alpha units'><div class='post-entry post-entry-type-page post-entry-334'><div class='entry-content-wrapper clearfix'><\/p>\n","protected":false},"excerpt":{"rendered":"","protected":false},"author":1,"featured_media":0,"parent":0,"menu_order":0,"comment_status":"closed","ping_status":"closed","template":"","meta":{"footnotes":""},"class_list":["post-334","page","type-page","status-publish","hentry"],"_links":{"self":[{"href":"https:\/\/labejanegra.com\/fr\/wp-json\/wp\/v2\/pages\/334","targetHints":{"allow":["GET"]}}],"collection":[{"href":"https:\/\/labejanegra.com\/fr\/wp-json\/wp\/v2\/pages"}],"about":[{"href":"https:\/\/labejanegra.com\/fr\/wp-json\/wp\/v2\/types\/page"}],"author":[{"embeddable":true,"href":"https:\/\/labejanegra.com\/fr\/wp-json\/wp\/v2\/users\/1"}],"replies":[{"embeddable":true,"href":"https:\/\/labejanegra.com\/fr\/wp-json\/wp\/v2\/comments?post=334"}],"version-history":[{"count":22,"href":"https:\/\/labejanegra.com\/fr\/wp-json\/wp\/v2\/pages\/334\/revisions"}],"predecessor-version":[{"id":932,"href":"https:\/\/labejanegra.com\/fr\/wp-json\/wp\/v2\/pages\/334\/revisions\/932"}],"wp:attachment":[{"href":"https:\/\/labejanegra.com\/fr\/wp-json\/wp\/v2\/media?parent=334"}],"curies":[{"name":"wp","href":"https:\/\/api.w.org\/{rel}","templated":true}]}}