{"id":337,"date":"2022-09-29T15:46:13","date_gmt":"2022-09-29T15:46:13","guid":{"rendered":"https:\/\/labejanegra.com\/techniques-apicoles\/"},"modified":"2024-11-04T10:32:54","modified_gmt":"2024-11-04T10:32:54","slug":"techniques-apicoles","status":"publish","type":"page","link":"https:\/\/labejanegra.com\/fr\/techniques-apicoles\/","title":{"rendered":"Techniques apicoles"},"content":{"rendered":"<div id='layer_slider_1'  class='avia-layerslider main_color avia-shadow  avia-builder-el-0  el_before_av_one_half  avia-builder-el-first  container_wrap sidebar_right'  style='height: 551px; max-width: 1280px; margin: 0 auto;'  ><\/div><div id='after_layer_slider_1'  class='main_color av_default_container_wrap container_wrap sidebar_right'  ><div class='container av-section-cont-open' ><div class='template-page content  av-content-small alpha units'><div class='post-entry post-entry-type-page post-entry-337'><div class='entry-content-wrapper clearfix'>\n\n<style type=\"text\/css\" data-created_by=\"avia_inline_auto\" id=\"style-css-av-2kt48q-c8c9d2229e67394d309387e9c9e59f97\">\n.flex_column.av-2kt48q-c8c9d2229e67394d309387e9c9e59f97{\nborder-radius:0 0 0 0;\n}\n<\/style>\n<div  class='flex_column av-2kt48q-c8c9d2229e67394d309387e9c9e59f97 av_one_half  avia-builder-el-1  el_after_av_layerslider  el_before_av_one_half  avia-builder-el-first  first flex_column_div  '     ><style type=\"text\/css\" data-created_by=\"avia_inline_auto\" id=\"style-css-av-m32vs7qw-94a14c5f95eff9472ecd5ac318693eb1\">\n#top .av_textblock_section.av-m32vs7qw-94a14c5f95eff9472ecd5ac318693eb1 .avia_textblock{\ncolor:#eeee22;\n}\n<\/style>\n<section  class='av_textblock_section av-m32vs7qw-94a14c5f95eff9472ecd5ac318693eb1 '   itemscope=\"itemscope\" itemtype=\"https:\/\/schema.org\/CreativeWork\" ><div class='avia_textblock av_inherit_color'  itemprop=\"text\" ><p class=\"p1\"><strong><span class=\"s1\" style=\"color: #eaac00;\">LOCALISATION ET TRANSHUMANCE <\/span><\/strong><\/p>\n<\/div><\/section><br \/>\n<section  class='av_textblock_section av-29ytbe-9e22b0577d8a111efcb34ae4911ae681 '   itemscope=\"itemscope\" itemtype=\"https:\/\/schema.org\/CreativeWork\" ><div class='avia_textblock'  itemprop=\"text\" ><div class=\"page\" title=\"Page 2\">\n<div class=\"section\">\n<div class=\"layoutArea\">\n<div class=\"column\">\n<h5><strong>Nos fermes<\/strong> sont <strong>situe\u0301es<\/strong> dans les re\u0301gions de la <strong>Cantabrie<\/strong> et des <strong>Asturies<\/strong>.<\/h5>\n<h5>\u2013<\/h5>\n<h5>Nos ruches passent l\u2019<strong>hiver<\/strong> et le <strong>printemps sur les franges de la co\u0302te cantabrique<\/strong>. Un fois la floraison termine\u0301e, la <strong>transhumance<\/strong> vers la <strong>haute montagne<\/strong> a lieu pour profiter les nouvelles floraisons plus tardives et obtenir ainsi un de\u0301veloppement continu des colonies.<\/h5>\n<\/div>\n<\/div>\n<\/div>\n<\/div>\n<\/div><\/section><\/p><\/div>\n<div  class='flex_column av-7n25m-368fdb1ce4e164583ca96c7bf58de74b av_one_half  avia-builder-el-4  el_after_av_one_half  el_before_av_hr  flex_column_div  '     ><style type=\"text\/css\" data-created_by=\"avia_inline_auto\" id=\"style-css-av-2f82l6-f7328ff48116209a594f5f4b3bde25d1\">\n#top .av_textblock_section.av-2f82l6-f7328ff48116209a594f5f4b3bde25d1 .avia_textblock{\ncolor:#eeee22;\n}\n<\/style>\n<section  class='av_textblock_section av-2f82l6-f7328ff48116209a594f5f4b3bde25d1 '   itemscope=\"itemscope\" itemtype=\"https:\/\/schema.org\/CreativeWork\" ><div class='avia_textblock av_inherit_color'  itemprop=\"text\" ><p class=\"p1\"><strong><span class=\"s1\" style=\"color: #eaac00;\">MAT\u00c8RIEL<\/span><\/strong><\/p>\n<\/div><\/section><br \/>\n<section  class='av_textblock_section av-l8n9byuw-8f8322dcce5472206c2fd5533020a16b '   itemscope=\"itemscope\" itemtype=\"https:\/\/schema.org\/CreativeWork\" ><div class='avia_textblock'  itemprop=\"text\" ><div class=\"page\" title=\"Page 2\">\n<div class=\"section\">\n<div class=\"layoutArea\">\n<div class=\"column\">\n<h5>Pour une <strong>production \u00e9lev\u00e9e<\/strong> en nombre d&rsquo;abeilles et pour obtenir une <strong>excellente f\u00e9condation<\/strong> de nos reines, toutes nos sont <strong>r\u00e9alis\u00e9es<\/strong> avec un <strong>mat\u00e9riruches\u00a0au hautement isolant<\/strong>. Cela permet <strong>d\u2019att\u00e9nuer<\/strong> les <strong>changements brusques<\/strong> de <strong>temp\u00e9rature<\/strong> tout au long de l\u2019ann\u00e9e et de <strong>r\u00e9duire<\/strong> le <strong>stress<\/strong> aussi bien dans les colonies en production que dans les essaims avec reines en f\u00e9condation.<\/h5>\n<\/div>\n<\/div>\n<\/div>\n<\/div>\n<\/div><\/section><\/p><\/div>\n\n<style type=\"text\/css\" data-created_by=\"avia_inline_auto\" id=\"style-css-av-l8o7gc0d-9040da732a03fb5d6ac98f7225b0e476\">\n#top .hr.av-l8o7gc0d-9040da732a03fb5d6ac98f7225b0e476{\nmargin-top:0px;\nmargin-bottom:0px;\n}\n.hr.av-l8o7gc0d-9040da732a03fb5d6ac98f7225b0e476 .hr-inner{\nwidth:100%;\n}\n<\/style>\n<div  class='hr av-l8o7gc0d-9040da732a03fb5d6ac98f7225b0e476 hr-custom  avia-builder-el-7  el_after_av_one_half  el_before_av_one_half  hr-center hr-icon-no'><span class='hr-inner inner-border-av-border-thin'><span class=\"hr-inner-style\"><\/span><\/span><\/div>\n\n<style type=\"text\/css\" data-created_by=\"avia_inline_auto\" id=\"style-css-av-h74qa-f4c6b6716c8d58cf140058e2292ac566\">\n.flex_column.av-h74qa-f4c6b6716c8d58cf140058e2292ac566{\nborder-radius:0 0 0 0;\n}\n<\/style>\n<div  class='flex_column av-h74qa-f4c6b6716c8d58cf140058e2292ac566 av_one_half  avia-builder-el-8  el_after_av_hr  el_before_av_one_half  first flex_column_div  '     ><style type=\"text\/css\" data-created_by=\"avia_inline_auto\" id=\"style-css-av-m1qann4l-7f8b041db939c9c543b69a8e3104cbd3\">\n#top .av_textblock_section.av-m1qann4l-7f8b041db939c9c543b69a8e3104cbd3 .avia_textblock{\ncolor:#eeee22;\n}\n<\/style>\n<section  class='av_textblock_section av-m1qann4l-7f8b041db939c9c543b69a8e3104cbd3 '   itemscope=\"itemscope\" itemtype=\"https:\/\/schema.org\/CreativeWork\" ><div class='avia_textblock av_inherit_color'  itemprop=\"text\" ><p class=\"p1\"><strong><span class=\"s1\" style=\"color: #eaac00;\">GESTION DE LES RUCHES<br \/>\n<\/span><\/strong><\/p>\n<\/div><\/section><br \/>\n<section  class='av_textblock_section av-l8o7bcvt-177193841f506572c2d33e0c6e4b5983 '   itemscope=\"itemscope\" itemtype=\"https:\/\/schema.org\/CreativeWork\" ><div class='avia_textblock'  itemprop=\"text\" ><div class=\"page\" title=\"Page 2\">\n<div class=\"section\">\n<div class=\"layoutArea\">\n<div class=\"column\">\n<h5>Nous travaillons nos abeilles dans le but d&rsquo;obtenir le <strong>maximum de r\u00e9sultat avec le minimum d&rsquo;effort<\/strong>. L&rsquo;ensemble des colonies, constitu\u00e9es entre 10 et 6 carr\u00e9s destin\u00e9s \u00e0 la production d&rsquo;essaims, font l&rsquo;objet d&rsquo;une attention constante tout au long de l&rsquo;ann\u00e9e. Le maintien d\u2019une <strong>densit\u00e9 \u00e9lev\u00e9e de population<\/strong> d\u2019abeilles et de <strong>nouvelles reines<\/strong> chaque ann\u00e9e est <strong>essentiel<\/strong> pour atteindre une <strong>productivit\u00e9 \u00e9lev\u00e9e<\/strong>.<\/h5>\n<\/div>\n<\/div>\n<\/div>\n<\/div>\n<\/div><\/section><br \/>\n\n<style type=\"text\/css\" data-created_by=\"avia_inline_auto\" id=\"style-css-av-l8oe25kp-bead29d9bd615e41a60579d735393a4d\">\n.avia-image-container.av-l8oe25kp-bead29d9bd615e41a60579d735393a4d img.avia_image{\nbox-shadow:none;\n}\n.avia-image-container.av-l8oe25kp-bead29d9bd615e41a60579d735393a4d .av-image-caption-overlay-center{\ncolor:#ffffff;\n}\n<\/style>\n<div  class='avia-image-container av-l8oe25kp-bead29d9bd615e41a60579d735393a4d av-styling- avia-align-center  avia-builder-el-11  el_after_av_textblock  avia-builder-el-last '   itemprop=\"image\" itemscope=\"itemscope\" itemtype=\"https:\/\/schema.org\/ImageObject\" ><div class=\"avia-image-container-inner\"><div class=\"avia-image-overlay-wrap\"><img decoding=\"async\" fetchpriority=\"high\" class='wp-image-323 avia-img-lazy-loading-not-323 avia_image ' src=\"https:\/\/labejanegra.com\/wp-content\/uploads\/2022\/09\/crianza_reinas_isolated2.jpg\" alt='' title='crianza_reinas_isolated2'  height=\"388\" width=\"600\"  itemprop=\"thumbnailUrl\" srcset=\"https:\/\/labejanegra.com\/wp-content\/uploads\/2022\/09\/crianza_reinas_isolated2.jpg 600w, https:\/\/labejanegra.com\/wp-content\/uploads\/2022\/09\/crianza_reinas_isolated2-300x194.jpg 300w\" sizes=\"(max-width: 600px) 100vw, 600px\" \/><\/div><\/div><\/div><\/p><\/div>\n<style type=\"text\/css\" data-created_by=\"avia_inline_auto\" id=\"style-css-av-pdqa-b7ea21927c34d3999a96fe183f855f23\">\n.flex_column.av-pdqa-b7ea21927c34d3999a96fe183f855f23{\nborder-radius:0 0 0 0;\n}\n<\/style>\n<div  class='flex_column av-pdqa-b7ea21927c34d3999a96fe183f855f23 av_one_half  avia-builder-el-12  el_after_av_one_half  el_before_av_section  avia-builder-el-last  flex_column_div  '     ><p><section  class='av_textblock_section av-l8o7bpbz-3800cd91bda675bc6bb8856bf03eafde '   itemscope=\"itemscope\" itemtype=\"https:\/\/schema.org\/CreativeWork\" ><div class='avia_textblock'  itemprop=\"text\" ><p><strong><span class=\"s1\"><span style=\"color: #eaac00;\">LE VARROA ET D\u2019AUTRES MALADIES<\/span> <\/span><\/strong><\/p>\n<\/div><\/section><br \/>\n<section  class='av_textblock_section av-l8o7epq8-69b1523ed94ebebb45201d3a5eb27e18 '   itemscope=\"itemscope\" itemtype=\"https:\/\/schema.org\/CreativeWork\" ><div class='avia_textblock'  itemprop=\"text\" ><h5>Dans nos fermes, un <strong>contr\u00f4le rigoureux des maladies de nos abeilles est n\u00e9cessaire.<\/strong> Cela nous permet d\u2019assurer la production de gel\u00e9e royale, de maintenir un nombre \u00e9lev\u00e9 d\u2019essaims et la sant\u00e9 de nos colonies.<\/h5>\n<h5>\u2013<\/h5>\n<h5>Le <strong>varroa<\/strong> constitue une menace dans les ruchers et nous oblige \u00e0 appliquer des <strong>techniques sp\u00e9cifiques<\/strong> pour garantir la sant\u00e9 des abeilles : la mise en <strong>cage des reines pendant les mois d&rsquo;hiver<\/strong> ainsi que <strong>l&rsquo;utilisation d&rsquo;acide oxalique<\/strong> sont essentielles pour r\u00e9duire consid\u00e9rablement le varroa pendant le reste de l&rsquo;hiver.<\/h5>\n<h5>\u2013<\/h5>\n<h5>Au <strong>printemps et en \u00e9t\u00e9<\/strong>, nous traitons tous nos nouveaux lots d&rsquo;essaims avec des <strong>reines r\u00e9cemment f\u00e9cond\u00e9es \u00e0 l&rsquo;acide oxalique<\/strong>, profitant de <strong>l&rsquo;absence de couvain opercul\u00e8<\/strong>. Par contre, en \u00e9t\u00e9, dans nos ruches productrices nous effectuons des \u00ab\u00a0<strong>essaims sanitaires<\/strong>\u00ab\u00a0, en r\u00e9alisant une <strong>exportation totale du couvain<\/strong> opercul\u00e9 et en <strong>traitant<\/strong> avec de<strong> l&rsquo;acide oxalique<\/strong>.<\/h5>\n<h5>\u2013<\/h5>\n<h5>En hiver, tous les noyaux hivern\u00e9s avec les reines de l&rsquo;ann\u00e9e destin\u00e9s \u00e0 la vente au printemps sont trait\u00e9s avec des <strong>produits chimiques classiques<\/strong>.<\/h5>\n<h5>\u2013<\/h5>\n<h5>En <strong>surveillant la charge de varroa tout au long de l&rsquo;ann\u00e9e<\/strong>, nous parvenons non seulement \u00e0 maintenir les abeilles toujours en bonne sant\u00e9, mais nous r\u00e9duisons \u00e9galement consid\u00e9rablement l&rsquo;arriv\u00e9e d&rsquo;autres maladies telles que les virus et les bact\u00e9ries.<\/h5>\n<\/div><\/section><\/p><\/div><\/div><\/div><\/div><!-- close content main div --><\/div><\/div>\n<style type=\"text\/css\" data-created_by=\"avia_inline_auto\" id=\"style-css-av-vdki2-23cec167e91191f655186dee90f13949\">\n.avia-section.av-vdki2-23cec167e91191f655186dee90f13949 .av-parallax .av-parallax-inner{\nbackground-repeat:no-repeat;\nbackground-image:url(https:\/\/labejanegra.com\/wp-content\/uploads\/2022\/09\/investigacion_desarrollo.jpg);\nbackground-position:50% 50%;\nbackground-attachment:scroll;\n}\n.avia-section.av-vdki2-23cec167e91191f655186dee90f13949 .av-section-color-overlay{\nopacity:0.3;\nbackground-color:#df7a00;\n}\n<\/style>\n<div id='av_section_1'  class='avia-section av-vdki2-23cec167e91191f655186dee90f13949 main_color avia-section-default avia-no-border-styling  avia-builder-el-15  el_after_av_one_half  avia-builder-el-last  av-parallax-section avia-bg-style-parallax av-section-color-overlay-active av-minimum-height av-minimum-height-15 av-height-percent  container_wrap sidebar_right'  data-section-bg-repeat='no-repeat' data-av_minimum_height_pc='15' data-av_min_height_opt='percent'><div class='av-parallax' data-avia-parallax-ratio='0.3' ><div class='av-parallax-inner main_color avia-full-stretch'><\/div><\/div><div class=\"av-section-color-overlay-wrap\"><div class=\"av-section-color-overlay\"><\/div><div class='container av-section-cont-open' ><div class='template-page content  av-content-small alpha units'><div class='post-entry post-entry-type-page post-entry-337'><div class='entry-content-wrapper clearfix'>\n<div  class='flex_column av-tmd1e-e546a0221a595f7e084bc8352a0c141d av_one_third  avia-builder-el-16  el_before_av_one_third  avia-builder-el-first  first flex_column_div  '     ><\/div><div  class='flex_column av-lbg8i-697d6538e6c3b052fb0aeabfac5b3d6d av_one_third  avia-builder-el-17  el_after_av_one_third  el_before_av_one_third  flex_column_div  '     ><style type=\"text\/css\" data-created_by=\"avia_inline_auto\" id=\"style-css-av-1hjma-b56e383cafd90e64a8445122f8ad63f8\">\n.avia-image-container.av-1hjma-b56e383cafd90e64a8445122f8ad63f8 img.avia_image{\nbox-shadow:none;\n}\n.avia-image-container.av-1hjma-b56e383cafd90e64a8445122f8ad63f8 .av-image-caption-overlay-center{\ncolor:#ffffff;\n}\n<\/style>\n<div  class='avia-image-container av-1hjma-b56e383cafd90e64a8445122f8ad63f8 av-styling- avia-align-center  avia-builder-el-18  avia-builder-el-no-sibling '   itemprop=\"image\" itemscope=\"itemscope\" itemtype=\"https:\/\/schema.org\/ImageObject\" ><div class=\"avia-image-container-inner\"><div class=\"avia-image-overlay-wrap\"><img decoding=\"async\" fetchpriority=\"high\" class='wp-image-272 avia-img-lazy-loading-not-272 avia_image ' src=\"https:\/\/labejanegra.com\/wp-content\/uploads\/2022\/09\/logo_abeja_slider.png\" alt='' title='logo_abeja_slider'  height=\"57\" width=\"53\"  itemprop=\"thumbnailUrl\"  \/><\/div><\/div><\/div><\/div><div  class='flex_column av-6md62-2a8294e740ef2f9ca1dec8f3c05b39c4 av_one_third  avia-builder-el-19  el_after_av_one_third  avia-builder-el-last  flex_column_div  '     ><\/div>\n<\/div><\/div><\/div><!-- close content main div --><\/div><\/div><\/div><div id='after_section_1'  class='main_color av_default_container_wrap container_wrap sidebar_right'  ><div class='container av-section-cont-open' ><div class='template-page content  av-content-small alpha units'><div class='post-entry post-entry-type-page post-entry-337'><div class='entry-content-wrapper clearfix'><\/p>\n","protected":false},"excerpt":{"rendered":"","protected":false},"author":1,"featured_media":0,"parent":0,"menu_order":0,"comment_status":"closed","ping_status":"closed","template":"","meta":{"footnotes":""},"class_list":["post-337","page","type-page","status-publish","hentry"],"_links":{"self":[{"href":"https:\/\/labejanegra.com\/fr\/wp-json\/wp\/v2\/pages\/337","targetHints":{"allow":["GET"]}}],"collection":[{"href":"https:\/\/labejanegra.com\/fr\/wp-json\/wp\/v2\/pages"}],"about":[{"href":"https:\/\/labejanegra.com\/fr\/wp-json\/wp\/v2\/types\/page"}],"author":[{"embeddable":true,"href":"https:\/\/labejanegra.com\/fr\/wp-json\/wp\/v2\/users\/1"}],"replies":[{"embeddable":true,"href":"https:\/\/labejanegra.com\/fr\/wp-json\/wp\/v2\/comments?post=337"}],"version-history":[{"count":26,"href":"https:\/\/labejanegra.com\/fr\/wp-json\/wp\/v2\/pages\/337\/revisions"}],"predecessor-version":[{"id":941,"href":"https:\/\/labejanegra.com\/fr\/wp-json\/wp\/v2\/pages\/337\/revisions\/941"}],"wp:attachment":[{"href":"https:\/\/labejanegra.com\/fr\/wp-json\/wp\/v2\/media?parent=337"}],"curies":[{"name":"wp","href":"https:\/\/api.w.org\/{rel}","templated":true}]}}