{"id":340,"date":"2022-09-30T08:54:00","date_gmt":"2022-09-30T08:54:00","guid":{"rendered":"https:\/\/labejanegra.com\/recherche-et-developpement\/"},"modified":"2024-11-04T10:45:12","modified_gmt":"2024-11-04T10:45:12","slug":"vente-de-reines-et-selection","status":"publish","type":"page","link":"https:\/\/labejanegra.com\/fr\/qui-sommes-nous\/vente-de-reines-et-selection\/","title":{"rendered":"Vente de reines et s\u00e9lection"},"content":{"rendered":"<div id='layer_slider_1'  class='avia-layerslider main_color avia-shadow  avia-builder-el-0  el_before_av_one_half  avia-builder-el-first  container_wrap sidebar_right'  style='height: 551px; max-width: 1280px; margin: 0 auto;'  ><\/div><div id='after_layer_slider_1'  class='main_color av_default_container_wrap container_wrap sidebar_right'  ><div class='container av-section-cont-open' ><div class='template-page content  av-content-small alpha units'><div class='post-entry post-entry-type-page post-entry-340'><div class='entry-content-wrapper clearfix'>\n<div  class='flex_column av-av_one_half-692a56cb27b4036f41891925b87c1c70 av_one_half  avia-builder-el-1  el_after_av_layerslider  el_before_av_one_half  avia-builder-el-first  first flex_column_div  '     ><style type=\"text\/css\" data-created_by=\"avia_inline_auto\" id=\"style-css-av-m1qb1cfe-d63cd047e49a6a39e449e3fda4f0ed51\">\n#top .av_textblock_section.av-m1qb1cfe-d63cd047e49a6a39e449e3fda4f0ed51 .avia_textblock{\ncolor:#eeee22;\n}\n<\/style>\n<section  class='av_textblock_section av-m1qb1cfe-d63cd047e49a6a39e449e3fda4f0ed51 '   itemscope=\"itemscope\" itemtype=\"https:\/\/schema.org\/CreativeWork\" ><div class='avia_textblock av_inherit_color'  itemprop=\"text\" ><p class=\"p1\"><span style=\"color: #000000;\"><span class=\"s1\"><span class=\"HwtZe\" lang=\"fr\"><span class=\"jCAhz ChMk0b\"><span class=\"ryNqvb\"><span class=\"jCAhz\"><span style=\"color: #eaac00;\"><strong>TARIFS REINES F\u00c9COND\u00c9ES<\/strong><\/span>\u00a0<\/span><\/span><\/span><\/span><\/span><span class=\"HwtZe\" lang=\"fr\"><span class=\"jCAhz ChMk0b\"><span class=\"ryNqvb\">(sans frais de port ni TVA)<\/span><\/span><\/span><\/span><\/p>\n<\/div><\/section><br \/>\n<div  class='tabcontainer av-m1qb66t5-f79b207593ffbee0db295ac803d16704 top_tab  avia-builder-el-3  el_after_av_textblock  avia-builder-el-last '>\n<section class='av_tab_section av_tab_section av-m1qb63x4-fbc7c7dbb4c1fcdacd2f577e69b51d97'  itemscope=\"itemscope\" itemtype=\"https:\/\/schema.org\/CreativeWork\" ><div id='tab-id-1-tab' class='tab active_tab' role='tab' aria-selected=\"true\" tabindex=\"0\" data-fake-id='#tab-id-1' aria-controls='tab-id-1-content'  itemprop=\"headline\" >\u2264 10 ud.<\/div><div id='tab-id-1-content' class='tab_content active_tab_content' role='tabpanel' aria-labelledby='tab-id-1-tab' aria-hidden=\"false\"><div class='tab_inner_content invers-color'  itemprop=\"text\" ><p>\u20ac\/ud.<\/p>\n<\/div><\/div><\/section>\n<section class='av_tab_section av_tab_section av-m1qb5z1w-80172d3a8aaae1b7b385d01e73d20b73'  itemscope=\"itemscope\" itemtype=\"https:\/\/schema.org\/CreativeWork\" ><div id='tab-id-2-tab' class='tab' role='tab' aria-selected=\"false\" tabindex=\"0\" data-fake-id='#tab-id-2' aria-controls='tab-id-2-content'  itemprop=\"headline\" >De 20 \u00e0 35 unit\u00e9s<\/div><div id='tab-id-2-content' class='tab_content' role='tabpanel' aria-labelledby='tab-id-2-tab' aria-hidden=\"true\"><div class='tab_inner_content invers-color'  itemprop=\"text\" ><p>\u20ac\/ud.<\/p>\n<\/div><\/div><\/section>\n<section class='av_tab_section av_tab_section av-m1qb66kd-073d4e9314d3fe1ecffa83623155fbb7'  itemscope=\"itemscope\" itemtype=\"https:\/\/schema.org\/CreativeWork\" ><div id='tab-id-3-tab' class='tab' role='tab' aria-selected=\"false\" tabindex=\"0\" data-fake-id='#tab-id-3' aria-controls='tab-id-3-content'  itemprop=\"headline\" >Plus de 35 ud<\/div><div id='tab-id-3-content' class='tab_content' role='tabpanel' aria-labelledby='tab-id-3-tab' aria-hidden=\"true\"><div class='tab_inner_content invers-color'  itemprop=\"text\" ><p>\u20ac\/ud.<\/p>\n<\/div><\/div><\/section>\n<\/div><\/p><\/div>\n<div  class='flex_column av-av_one_half-7bd3f5cd863a6256abcb544d7c276d96 av_one_half  avia-builder-el-4  el_after_av_one_half  el_before_av_hr  flex_column_div  '     ><p>\n<style type=\"text\/css\" data-created_by=\"avia_inline_auto\" id=\"style-css-av-m1qb10v9-aa318b605c3976b9b4f77f5dd25531e3\">\n#top .av_textblock_section.av-m1qb10v9-aa318b605c3976b9b4f77f5dd25531e3 .avia_textblock{\ncolor:#eeee22;\n}\n<\/style>\n<section  class='av_textblock_section av-m1qb10v9-aa318b605c3976b9b4f77f5dd25531e3 '   itemscope=\"itemscope\" itemtype=\"https:\/\/schema.org\/CreativeWork\" ><div class='avia_textblock av_inherit_color'  itemprop=\"text\" ><p><span style=\"color: #000000;\"><span style=\"color: #eaac00;\"><strong><span class=\"s1\"><span class=\"HwtZe\" lang=\"fr\"><span class=\"jCAhz ChMk0b\"><span class=\"ryNqvb\"><span class=\"jCAhz\">TARIFS REINES VIERGES <\/span><\/span><\/span><\/span><\/span><\/strong><\/span><span class=\"HwtZe\" lang=\"fr\"><span class=\"jCAhz ChMk0b\"><span class=\"ryNqvb\">(sans frais de port ni TVA)<\/span><\/span><\/span><\/span><\/p>\n<\/div><\/section><br \/>\n<div  class='tabcontainer av-m1qb4gs1-0a66fd90eed6a333fc8061305af62c45 top_tab  avia-builder-el-6  el_after_av_textblock  avia-builder-el-last '>\n<section class='av_tab_section av_tab_section av-m1qb2t49-f6bca8c091ba0127681e44ab283bc1b6'  itemscope=\"itemscope\" itemtype=\"https:\/\/schema.org\/CreativeWork\" ><div id='tab-id-4-tab' class='tab active_tab' role='tab' aria-selected=\"true\" tabindex=\"0\" data-fake-id='#tab-id-4' aria-controls='tab-id-4-content'  itemprop=\"headline\" >\u2264 10 ud.<\/div><div id='tab-id-4-content' class='tab_content active_tab_content' role='tabpanel' aria-labelledby='tab-id-4-tab' aria-hidden=\"false\"><div class='tab_inner_content invers-color'  itemprop=\"text\" ><p>10\u20ac\/ud.<\/p>\n<\/div><\/div><\/section>\n<section class='av_tab_section av_tab_section av-m1qb3fr9-33c9ab1f3cfd068d4851b374d320b4c7'  itemscope=\"itemscope\" itemtype=\"https:\/\/schema.org\/CreativeWork\" ><div id='tab-id-5-tab' class='tab' role='tab' aria-selected=\"false\" tabindex=\"0\" data-fake-id='#tab-id-5' aria-controls='tab-id-5-content'  itemprop=\"headline\" >De 20 \u00e0 35 unit\u00e9s<\/div><div id='tab-id-5-content' class='tab_content' role='tabpanel' aria-labelledby='tab-id-5-tab' aria-hidden=\"true\"><div class='tab_inner_content invers-color'  itemprop=\"text\" ><p>7\u20ac\/ud.<\/p>\n<\/div><\/div><\/section>\n<section class='av_tab_section av_tab_section av-m1qb4fu0-108f04b3fc3993e4243408efdfe587ee'  itemscope=\"itemscope\" itemtype=\"https:\/\/schema.org\/CreativeWork\" ><div id='tab-id-6-tab' class='tab' role='tab' aria-selected=\"false\" tabindex=\"0\" data-fake-id='#tab-id-6' aria-controls='tab-id-6-content'  itemprop=\"headline\" >Plus de 35 ud<\/div><div id='tab-id-6-content' class='tab_content' role='tabpanel' aria-labelledby='tab-id-6-tab' aria-hidden=\"true\"><div class='tab_inner_content invers-color'  itemprop=\"text\" ><p>6\u20ac\/ud.<\/p>\n<\/div><\/div><\/section>\n<\/div><\/p><\/div>\n\n<style type=\"text\/css\" data-created_by=\"avia_inline_auto\" id=\"style-css-av-2qlslk-3982e84b0e1e34a8d7a451c81b8b6d83\">\n#top .hr.av-2qlslk-3982e84b0e1e34a8d7a451c81b8b6d83{\nmargin-top:10px;\nmargin-bottom:10px;\n}\n.hr.av-2qlslk-3982e84b0e1e34a8d7a451c81b8b6d83 .hr-inner{\nwidth:100%;\n}\n<\/style>\n<div  class='hr av-2qlslk-3982e84b0e1e34a8d7a451c81b8b6d83 hr-custom  avia-builder-el-7  el_after_av_one_half  el_before_av_one_half  hr-center hr-icon-no'><span class='hr-inner inner-border-av-border-thin'><span class=\"hr-inner-style\"><\/span><\/span><\/div>\n\n<style type=\"text\/css\" data-created_by=\"avia_inline_auto\" id=\"style-css-av-2kit40-f3a4edd89a1aeb5a2b70c5ee85e1f425\">\n.flex_column.av-2kit40-f3a4edd89a1aeb5a2b70c5ee85e1f425{\nborder-radius:0 0 0 0;\n}\n<\/style>\n<div  class='flex_column av-2kit40-f3a4edd89a1aeb5a2b70c5ee85e1f425 av_one_half  avia-builder-el-8  el_after_av_hr  el_before_av_one_half  first flex_column_div  '     ><section  class='av_textblock_section av-2g0rs0-18110f0c45739cbd0cfbda5ea85c4b53 '   itemscope=\"itemscope\" itemtype=\"https:\/\/schema.org\/CreativeWork\" ><div class='avia_textblock'  itemprop=\"text\" ><p class=\"p1\"><span class=\"s1\"><b>CARACT\u00c9RISTIQUES DE NOS REINES <\/b><\/span><\/p>\n<\/div><\/section><br \/>\n<section  class='av_textblock_section av-28e2w0-331b75ddd6089ea92df9840efeddf08c '   itemscope=\"itemscope\" itemtype=\"https:\/\/schema.org\/CreativeWork\" ><div class='avia_textblock'  itemprop=\"text\" ><h5><strong>Toutes nos reines sont n\u00e9es au cours de l&rsquo;ann\u00e9e pr\u00e9c\u00e9dente<\/strong> par rapport \u00e0 la vente de noyaux d&rsquo;abeilles au printemps.<\/h5>\n<h5>&#8211;<\/h5>\n<h5>La <strong>qualit\u00e9<\/strong> de nos reines est un <strong>aspect<\/strong> <strong>essentiel<\/strong> de notre exploitation et pour cette raison <strong>l&rsquo;\u00e9levage des reines est la base de notre cha\u00eene de travail<\/strong>.<\/h5>\n<h5>&#8211;<\/h5>\n<h5>Les <strong>ruches utilis\u00e9es pour \u00e9lever<\/strong> les reines n\u00e9cessitent un travail continu et minutieux, remplies autant que possible d&rsquo;abeilles <strong>nourrices<\/strong> et <strong>stimul\u00e9es<\/strong> avec des <strong>sucres<\/strong> et des <strong>prot\u00e9ines<\/strong> <strong>tout au long de la campagne<\/strong>. A partir du 5\u00e8me jour apr\u00e8s la transplantation, toutes les cellules royales sont plac\u00e9es dans l&rsquo;incubateur. De cette mani\u00e8re, nous obtenons une production constante et programm\u00e9e. Cela nous permet d&rsquo;obtenir des reines de haute qualit\u00e9 pour nos ruches et nos clients.<\/h5>\n<h5>&#8211;<\/h5>\n<h5><strong>Nos cellules royales<\/strong>, tant pour la <strong>production<\/strong> de reines vierges (<strong>lign\u00e9e maternelle<\/strong>) que pour la production de les drones (l<strong>ign\u00e9e paternelle<\/strong>), <strong>proviennent de colonies pr\u00e9alablement test\u00e9es et s\u00e9lectionn\u00e9es<\/strong>.<\/h5>\n<\/div><\/section><\/p><\/div>\n\n<style type=\"text\/css\" data-created_by=\"avia_inline_auto\" id=\"style-css-av-imia0-50fccba9b7abf09ac94852aab3aa0494\">\n.flex_column.av-imia0-50fccba9b7abf09ac94852aab3aa0494{\nborder-radius:0 0 0 0;\n}\n<\/style>\n<div  class='flex_column av-imia0-50fccba9b7abf09ac94852aab3aa0494 av_one_half  avia-builder-el-11  el_after_av_one_half  el_before_av_hr  flex_column_div  '     ><section  class='av_textblock_section av-1rolk-60af58cee5982e6c036a631befd7a685 '   itemscope=\"itemscope\" itemtype=\"https:\/\/schema.org\/CreativeWork\" ><div class='avia_textblock'  itemprop=\"text\" ><p class=\"p1\"><span class=\"s1\"><b>INS\u00c9MINATION INSTRUMENTALE <\/b><\/span><\/p>\n<\/div><\/section><br \/>\n<section  class='av_textblock_section av-l8o9qgvk-552e51cec76900883cfba0f8a6b16b06 '   itemscope=\"itemscope\" itemtype=\"https:\/\/schema.org\/CreativeWork\" ><div class='avia_textblock'  itemprop=\"text\" ><div class=\"page\" title=\"Page 3\">\n<div class=\"section\">\n<div class=\"layoutArea\">\n<h5 class=\"column\">Dans le but d&rsquo;augmenter la qualit\u00e9 des essaims et d&rsquo;\u00e9viter l&rsquo;hybridation avec des abeilles \u00e9trang\u00e8res, <strong>Abeille Noire<\/strong> <strong>ouvre<\/strong> un nouveau et <strong>important front de travail pour son projet<\/strong>. Deux ann\u00e9es d&rsquo;apprentissage et quelques voyages de partage d&rsquo;exp\u00e9riences nous ont permis de lancer <strong>l&rsquo;ins\u00e9mination instrumentale des reines<\/strong>.<\/h5>\n<h5>&#8211;<\/h5>\n<h5 class=\"column\">Avec cette technique, Abeille Noire croise les lign\u00e9es s\u00e9lectionn\u00e9es et produit des reines ins\u00e9min\u00e9es pr\u00e9sentant les caract\u00e9ristiques souhait\u00e9es.<\/h5>\n<h5>&#8211;<\/h5>\n<h5 class=\"column\"><strong>La planification de ce travail n\u00e9cessite de superposer la disposition du plus grand nombre de drones fertiles avec les diff\u00e9rentes lign\u00e9es de vierges aux moments de plus grand flux de pollen et de nectar.<\/strong><\/h5>\n<h5>&#8211;<\/h5>\n<h5 class=\"column\">L\u2019ensemble du processus d\u2019ins\u00e9mination instrumentale est d\u2019une grande importance pour obtenir des colonies reproducteurs de qualit\u00e9.<\/h5>\n<\/div>\n<\/div>\n<\/div>\n<\/div><\/section><\/p><\/div>\n\n<style type=\"text\/css\" data-created_by=\"avia_inline_auto\" id=\"style-css-av-av_hr-be1f1e7a8f3f41c5aa424376d0a14d24\">\n#top .hr.av-av_hr-be1f1e7a8f3f41c5aa424376d0a14d24{\nmargin-top:10px;\nmargin-bottom:10px;\n}\n.hr.av-av_hr-be1f1e7a8f3f41c5aa424376d0a14d24 .hr-inner{\nwidth:100%;\n}\n<\/style>\n<div  class='hr av-av_hr-be1f1e7a8f3f41c5aa424376d0a14d24 hr-custom  avia-builder-el-14  el_after_av_one_half  el_before_av_one_half  hr-center hr-icon-no'><span class='hr-inner inner-border-av-border-thin'><span class=\"hr-inner-style\"><\/span><\/span><\/div>\n<div  class='flex_column av-av_one_half-692a56cb27b4036f41891925b87c1c70 av_one_half  avia-builder-el-15  el_after_av_hr  el_before_av_one_half  first flex_column_div  '     ><style type=\"text\/css\" data-created_by=\"avia_inline_auto\" id=\"style-css-av-m1qax7qs-5c84a8484b4c764dddc7702e46a8ff10\">\n.avia-image-container.av-m1qax7qs-5c84a8484b4c764dddc7702e46a8ff10 img.avia_image{\nbox-shadow:none;\n}\n.avia-image-container.av-m1qax7qs-5c84a8484b4c764dddc7702e46a8ff10 .av-image-caption-overlay-center{\ncolor:#ffffff;\n}\n<\/style>\n<div  class='avia-image-container av-m1qax7qs-5c84a8484b4c764dddc7702e46a8ff10 av-styling- avia-align-center  avia-builder-el-16  avia-builder-el-no-sibling '   itemprop=\"image\" itemscope=\"itemscope\" itemtype=\"https:\/\/schema.org\/ImageObject\" ><div class=\"avia-image-container-inner\"><div class=\"avia-image-overlay-wrap\"><img decoding=\"async\" fetchpriority=\"high\" class='wp-image-520 avia-img-lazy-loading-not-520 avia_image ' src=\"https:\/\/labejanegra.com\/wp-content\/uploads\/2024\/09\/IMG-20240723-WA0025-1030x773.jpg\" alt='' title='IMG-20240723-WA0025'  height=\"773\" width=\"1030\"  itemprop=\"thumbnailUrl\" srcset=\"https:\/\/labejanegra.com\/wp-content\/uploads\/2024\/09\/IMG-20240723-WA0025-1030x773.jpg 1030w, https:\/\/labejanegra.com\/wp-content\/uploads\/2024\/09\/IMG-20240723-WA0025-300x225.jpg 300w, https:\/\/labejanegra.com\/wp-content\/uploads\/2024\/09\/IMG-20240723-WA0025-768x576.jpg 768w, https:\/\/labejanegra.com\/wp-content\/uploads\/2024\/09\/IMG-20240723-WA0025-1536x1152.jpg 1536w, https:\/\/labejanegra.com\/wp-content\/uploads\/2024\/09\/IMG-20240723-WA0025-1500x1125.jpg 1500w, https:\/\/labejanegra.com\/wp-content\/uploads\/2024\/09\/IMG-20240723-WA0025-705x529.jpg 705w, https:\/\/labejanegra.com\/wp-content\/uploads\/2024\/09\/IMG-20240723-WA0025.jpg 2048w\" sizes=\"(max-width: 1030px) 100vw, 1030px\" \/><\/div><\/div><\/div><\/div>\n<div  class='flex_column av-av_one_half-7bd3f5cd863a6256abcb544d7c276d96 av_one_half  avia-builder-el-17  el_after_av_one_half  el_before_av_one_half  flex_column_div  '     ><style type=\"text\/css\" data-created_by=\"avia_inline_auto\" id=\"style-css-av-m1qaxe5o-acc553e6f1d7a65c8776f0b17b67bc15\">\n.avia-image-container.av-m1qaxe5o-acc553e6f1d7a65c8776f0b17b67bc15 img.avia_image{\nbox-shadow:none;\n}\n.avia-image-container.av-m1qaxe5o-acc553e6f1d7a65c8776f0b17b67bc15 .av-image-caption-overlay-center{\ncolor:#ffffff;\n}\n<\/style>\n<div  class='avia-image-container av-m1qaxe5o-acc553e6f1d7a65c8776f0b17b67bc15 av-styling- avia-align-center  avia-builder-el-18  avia-builder-el-no-sibling '   itemprop=\"image\" itemscope=\"itemscope\" itemtype=\"https:\/\/schema.org\/ImageObject\" ><div class=\"avia-image-container-inner\"><div class=\"avia-image-overlay-wrap\"><img decoding=\"async\" fetchpriority=\"high\" class='wp-image-402 avia-img-lazy-loading-not-402 avia_image ' src=\"https:\/\/labejanegra.com\/wp-content\/uploads\/2024\/09\/segunda.jpg\" alt='' title='segunda'  height=\"720\" width=\"960\"  itemprop=\"thumbnailUrl\" srcset=\"https:\/\/labejanegra.com\/wp-content\/uploads\/2024\/09\/segunda.jpg 960w, https:\/\/labejanegra.com\/wp-content\/uploads\/2024\/09\/segunda-300x225.jpg 300w, https:\/\/labejanegra.com\/wp-content\/uploads\/2024\/09\/segunda-768x576.jpg 768w, https:\/\/labejanegra.com\/wp-content\/uploads\/2024\/09\/segunda-705x529.jpg 705w\" sizes=\"(max-width: 960px) 100vw, 960px\" \/><\/div><\/div><\/div><\/div>\n<div  class='flex_column av-av_one_half-692a56cb27b4036f41891925b87c1c70 av_one_half  avia-builder-el-19  el_after_av_one_half  el_before_av_section  avia-builder-el-last  first flex_column_div  column-top-margin'     ><style type=\"text\/css\" data-created_by=\"avia_inline_auto\" id=\"style-css-av-m1qay6h0-b3fa944a253804d88c15487692b0e5fd\">\n#top .av_textblock_section.av-m1qay6h0-b3fa944a253804d88c15487692b0e5fd .avia_textblock{\ncolor:#eeee22;\n}\n<\/style>\n<section  class='av_textblock_section av-m1qay6h0-b3fa944a253804d88c15487692b0e5fd '   itemscope=\"itemscope\" itemtype=\"https:\/\/schema.org\/CreativeWork\" ><div class='avia_textblock av_inherit_color'  itemprop=\"text\" ><p class=\"p1\"><span style=\"color: #eaac00;\"><strong><span class=\"s1\"><span class=\"HwtZe\" lang=\"fr\"><span class=\"jCAhz ChMk0b\"><span class=\"ryNqvb\">FERTILISATION CONTR\u00d4L\u00c9E<\/span><\/span><\/span><\/span><\/strong><\/span><\/p>\n<\/div><\/section><br \/>\n<section  class='av_textblock_section av-m1qazixs-346b09321e4a3ff2a119b1ce3f86a89a '   itemscope=\"itemscope\" itemtype=\"https:\/\/schema.org\/CreativeWork\" ><div class='avia_textblock'  itemprop=\"text\" ><h5>Gr\u00e2ce \u00e0 <strong>l&rsquo;orographie<\/strong> de la <strong>Cha\u00eene de montagnes Cantabrique<\/strong>\u00a0et de ses vall\u00e9es perdues, il est <strong>possible<\/strong> de <strong>contr\u00f4ler<\/strong> la <strong>fertilisation<\/strong> entre les <strong>ruches s\u00e9lectionn\u00e9es<\/strong>. Abeille Noire poss\u00e8de diff\u00e9rents ruchers cl\u00e9s de haute montagne, qui <strong>permettent<\/strong> de diff\u00e9rencier et de <strong>travailler<\/strong> ses ruches par <strong>diff\u00e9rentes lign\u00e9es d&rsquo;abeilles noires<\/strong> : la <strong>douceur<\/strong> et la <strong>tranquillit\u00e9<\/strong> dans <strong>le nid d&rsquo;abeilles<\/strong>, ainsi que le <strong>comportement<\/strong> <strong>hygi\u00e9nique<\/strong> sont les <strong>principales<\/strong> <strong>caract\u00e9ristiques<\/strong> choisies pour la <strong>lign\u00e9e paternelle<\/strong> ; tandis que la <strong>r\u00e9ticence \u00e0 l&rsquo;essaimage<\/strong>, la <strong>production de miel<\/strong> ainsi que la la <strong>douceur<\/strong> et le <strong>comportement hygi\u00e9nique<\/strong> sont des <strong>caract\u00e9ristiques<\/strong> prises en compte dans les diff\u00e9rentes <strong>lign\u00e9es maternelles<\/strong>.<\/h5>\n<\/div><\/section><\/p><\/div>\n<\/div><\/div><\/div><!-- close content main div --><\/div><\/div>\n<style type=\"text\/css\" data-created_by=\"avia_inline_auto\" id=\"style-css-av-v07sw-3263b52458f178c5245ab67f213d3d92\">\n.avia-section.av-v07sw-3263b52458f178c5245ab67f213d3d92 .av-parallax .av-parallax-inner{\nbackground-repeat:no-repeat;\nbackground-image:url(https:\/\/labejanegra.com\/wp-content\/uploads\/2022\/09\/investigacion2.jpg);\nbackground-position:50% 50%;\nbackground-attachment:scroll;\n}\n.avia-section.av-v07sw-3263b52458f178c5245ab67f213d3d92 .av-section-color-overlay{\nopacity:0.3;\nbackground-color:#df7a00;\n}\n<\/style>\n<div id='av_section_1'  class='avia-section av-v07sw-3263b52458f178c5245ab67f213d3d92 main_color avia-section-default avia-no-border-styling  avia-builder-el-22  el_after_av_one_half  el_before_av_hr  av-parallax-section avia-bg-style-parallax av-section-color-overlay-active av-minimum-height av-minimum-height-15 av-height-percent  container_wrap sidebar_right'  data-section-bg-repeat='no-repeat' data-av_minimum_height_pc='15' data-av_min_height_opt='percent'><div class='av-parallax' data-avia-parallax-ratio='0.3' ><div class='av-parallax-inner main_color avia-full-stretch'><\/div><\/div><div class=\"av-section-color-overlay-wrap\"><div class=\"av-section-color-overlay\"><\/div><div class='container av-section-cont-open' ><div class='template-page content  av-content-small alpha units'><div class='post-entry post-entry-type-page post-entry-340'><div class='entry-content-wrapper clearfix'>\n<div  class='flex_column av-p3aog-4087cc2d5933132e28d16a052e892a48 av_one_third  avia-builder-el-23  el_before_av_one_third  avia-builder-el-first  first flex_column_div  '     ><\/div><div  class='flex_column av-ld7io-5b1128981ab29b609d24bc19ed7de1ed av_one_third  avia-builder-el-24  el_after_av_one_third  el_before_av_one_third  flex_column_div  '     ><style type=\"text\/css\" data-created_by=\"avia_inline_auto\" id=\"style-css-av-dlvyo-342679ad023a8fb6a342a2316126d186\">\n.avia-image-container.av-dlvyo-342679ad023a8fb6a342a2316126d186 img.avia_image{\nbox-shadow:none;\n}\n.avia-image-container.av-dlvyo-342679ad023a8fb6a342a2316126d186 .av-image-caption-overlay-center{\ncolor:#ffffff;\n}\n<\/style>\n<div  class='avia-image-container av-dlvyo-342679ad023a8fb6a342a2316126d186 av-styling- avia-align-center  avia-builder-el-25  avia-builder-el-no-sibling '   itemprop=\"image\" itemscope=\"itemscope\" itemtype=\"https:\/\/schema.org\/ImageObject\" ><div class=\"avia-image-container-inner\"><div class=\"avia-image-overlay-wrap\"><img decoding=\"async\" fetchpriority=\"high\" class='wp-image-272 avia-img-lazy-loading-not-272 avia_image ' src=\"https:\/\/labejanegra.com\/wp-content\/uploads\/2022\/09\/logo_abeja_slider.png\" alt='' title='logo_abeja_slider'  height=\"57\" width=\"53\"  itemprop=\"thumbnailUrl\"  \/><\/div><\/div><\/div><\/div><div  class='flex_column av-adsy8-74c9364f2511d3c1cc5c6317dece1c46 av_one_third  avia-builder-el-26  el_after_av_one_third  avia-builder-el-last  flex_column_div  '     ><\/div>\n<\/div><\/div><\/div><!-- close content main div --><\/div><\/div><\/div><div id='after_section_1'  class='main_color av_default_container_wrap container_wrap sidebar_right'  ><div class='container av-section-cont-open' ><div class='template-page content  av-content-small alpha units'><div class='post-entry post-entry-type-page post-entry-340'><div class='entry-content-wrapper clearfix'>\n<div  class='hr av-av_hr-91d7ccd583a503147498e120fee2ff9b hr-default  avia-builder-el-27  el_after_av_section  avia-builder-el-no-sibling '><span class='hr-inner '><span class=\"hr-inner-style\"><\/span><\/span><\/div>\n","protected":false},"excerpt":{"rendered":"","protected":false},"author":1,"featured_media":0,"parent":327,"menu_order":0,"comment_status":"closed","ping_status":"closed","template":"","meta":{"footnotes":""},"class_list":["post-340","page","type-page","status-publish","hentry"],"_links":{"self":[{"href":"https:\/\/labejanegra.com\/fr\/wp-json\/wp\/v2\/pages\/340","targetHints":{"allow":["GET"]}}],"collection":[{"href":"https:\/\/labejanegra.com\/fr\/wp-json\/wp\/v2\/pages"}],"about":[{"href":"https:\/\/labejanegra.com\/fr\/wp-json\/wp\/v2\/types\/page"}],"author":[{"embeddable":true,"href":"https:\/\/labejanegra.com\/fr\/wp-json\/wp\/v2\/users\/1"}],"replies":[{"embeddable":true,"href":"https:\/\/labejanegra.com\/fr\/wp-json\/wp\/v2\/comments?post=340"}],"version-history":[{"count":26,"href":"https:\/\/labejanegra.com\/fr\/wp-json\/wp\/v2\/pages\/340\/revisions"}],"predecessor-version":[{"id":947,"href":"https:\/\/labejanegra.com\/fr\/wp-json\/wp\/v2\/pages\/340\/revisions\/947"}],"up":[{"embeddable":true,"href":"https:\/\/labejanegra.com\/fr\/wp-json\/wp\/v2\/pages\/327"}],"wp:attachment":[{"href":"https:\/\/labejanegra.com\/fr\/wp-json\/wp\/v2\/media?parent=340"}],"curies":[{"name":"wp","href":"https:\/\/api.w.org\/{rel}","templated":true}]}}