{"id":854,"date":"2024-09-26T19:38:29","date_gmt":"2024-09-26T19:38:29","guid":{"rendered":"https:\/\/labejanegra.com\/voyages-et-conferences-3\/"},"modified":"2024-11-04T10:38:42","modified_gmt":"2024-11-04T10:38:42","slug":"voyages-et-conferences-3","status":"publish","type":"page","link":"https:\/\/labejanegra.com\/fr\/voyages-et-conferences-3\/","title":{"rendered":"Voyages et conf\u00e9rences"},"content":{"rendered":"<div  class='flex_column av-rg79m-d81b0e9e175650d140ebe7a57d8bd3c2 av_one_half  avia-builder-el-0  el_before_av_one_half  avia-builder-el-first  first flex_column_div  '     ><style type=\"text\/css\" data-created_by=\"avia_inline_auto\" id=\"style-css-av-in6gi-36432bc1447b4854d2297b4b94f5345e\">\n#top .av_textblock_section.av-in6gi-36432bc1447b4854d2297b4b94f5345e .avia_textblock{\ntext-align:center;\n}\n<\/style>\n<section  class='av_textblock_section av-in6gi-36432bc1447b4854d2297b4b94f5345e '   itemscope=\"itemscope\" itemtype=\"https:\/\/schema.org\/CreativeWork\" ><div class='avia_textblock'  itemprop=\"text\" ><h5 style=\"text-align: left;\">Nous sommes <strong>dans ce projet depuis 6 ans<\/strong> et nous pensons que <strong>l&rsquo;apprentissage constant<\/strong> et <strong>le r\u00e9seautage entre apiculteurs<\/strong> sont deux des <strong>principaux piliers<\/strong> pour grandir et s&rsquo;am\u00e9liorer. Gr\u00e2ce \u00e0 cela, nous <strong>introduisons<\/strong> <strong>continuellement de nouvelles techniques et de nouvelles gestions dans nos fermes<\/strong>.<\/h5>\n<\/div><\/section><br \/>\n\n<style type=\"text\/css\" data-created_by=\"avia_inline_auto\" id=\"style-css-av-m32vwzpg-6b19993255cc45da0b0f851cb437f1f3\">\n#top .hr.av-m32vwzpg-6b19993255cc45da0b0f851cb437f1f3{\nmargin-top:10px;\nmargin-bottom:10px;\n}\n.hr.av-m32vwzpg-6b19993255cc45da0b0f851cb437f1f3 .hr-inner{\nwidth:100%;\n}\n<\/style>\n<div  class='hr av-m32vwzpg-6b19993255cc45da0b0f851cb437f1f3 hr-custom  avia-builder-el-2  el_after_av_textblock  el_before_av_textblock  hr-center hr-icon-no'><span class='hr-inner inner-border-av-border-thin'><span class=\"hr-inner-style\"><\/span><\/span><\/div><br \/>\n\n<style type=\"text\/css\" data-created_by=\"avia_inline_auto\" id=\"style-css-av-m1n9ugfm-5d42b4310b9786d03cd385fa2b1c7678\">\n#top .av_textblock_section.av-m1n9ugfm-5d42b4310b9786d03cd385fa2b1c7678 .avia_textblock{\ntext-align:center;\n}\n<\/style>\n<section  class='av_textblock_section av-m1n9ugfm-5d42b4310b9786d03cd385fa2b1c7678 '   itemscope=\"itemscope\" itemtype=\"https:\/\/schema.org\/CreativeWork\" ><div class='avia_textblock'  itemprop=\"text\" ><h5 style=\"text-align: left;\">Tout au long de ces ann\u00e9es:<\/h5>\n<h5 style=\"text-align: left;\">&#8211;<\/h5>\n<h5 style=\"text-align: left;\"><strong>2020:<\/strong><\/h5>\n<ul>\n<li style=\"text-align: left;\">Centro Italia (Abruzzes) o\u00f9 <strong>nous avons pu apporter lors d&rsquo;une conf\u00e9rence<\/strong> notre exp\u00e9rience en termes de <strong>production<\/strong> <strong>intensive<\/strong> <strong>d&rsquo;essaims<\/strong> et en m\u00eame temps <strong>apprendre<\/strong> les <strong>techniques de mise en cage des reines<\/strong>.<\/li>\n<\/ul>\n<h5 style=\"text-align: left;\"><strong>2021 et 2022:<\/strong><\/h5>\n<ul>\n<li style=\"text-align: left;\">\u00ab Notre <strong>exp\u00e9rience avec Royal Jalae<\/strong> \u00bb, \u00e0 L\u00edebana, Cabez\u00f3n de la Sal, avec la collaboration de l&rsquo;AMA (Association des Apiculteurs de Monta\u00f1esa), ou \u00e0 Oviedo, avec la collaboration de l&rsquo;AAA (Association des Apiculteurs des Asturies).<\/li>\n<\/ul>\n<h5 style=\"text-align: left;\"><strong>2023:<\/strong><\/h5>\n<ul>\n<li style=\"text-align: left;\">\u00ab <strong>Cours d&rsquo;introduction \u00e0 l&rsquo;apiculture<\/strong> \u00bb \u200b\u200b\u00e0 Finca Juanonso en collaboration avec l&rsquo;AMA (Association des Apiculteurs de Monta\u00f1esa).<\/li>\n<li style=\"text-align: left;\">\u00ab <strong>Production intensive d&rsquo;essaims<\/strong>\u00a0\u00bb \u00e0 Usillos, Palencia, organis\u00e9e par l&rsquo;Association des apiculteurs de Palencia.<\/li>\n<li style=\"text-align: left;\"><strong>Visite de nos installations<\/strong> du <strong>groupe professionnel d&rsquo;apiculteurs<\/strong> de Campa\u00f1a (APAS Campa\u00f1a \u2013 <strong>Italie<\/strong>), ainsi que d&rsquo;apiculteurs de diff\u00e9rentes r\u00e9gions d&rsquo;Espagne, partageant pratiques et exp\u00e9riences.<\/li>\n<li style=\"text-align: left;\"><strong>Traduction<\/strong> de l&rsquo;italien vers l&rsquo;espagnol d&rsquo;une <strong>pr\u00e9sentation sur la s\u00e9lection des reines<\/strong> \u00e0 Gij\u00f3n lors d&rsquo;une conf\u00e9rence technique sur l&rsquo;apiculture organis\u00e9e par Promiel.<\/li>\n<\/ul>\n<h5 style=\"text-align: left;\"><strong>2024:<\/strong><\/h5>\n<ul>\n<li style=\"text-align: left;\">\u00ab <strong>Cours d&rsquo;\u00e9l\u00e9vation de la Reine<\/strong> \u00bb en collaboration avec l&rsquo;AMA.<\/li>\n<li style=\"text-align: left;\">\u00ab <strong>Cours de production de gel\u00e9e royale<\/strong> \u00bb en collaboration avec \u00ab cursosdeap\u00edcola.com \u00bb-<\/li>\n<li style=\"text-align: left;\"><strong>Visite de l&rsquo;IES<\/strong> La Granja de Heras.<\/li>\n<li style=\"text-align: left;\">Conf\u00e9rence sur \u00ab <strong>Notre exp\u00e9rience en \u00e9levage de reines, gel\u00e9e royale et production d&rsquo;essaims<\/strong> \u00bb. sur l&rsquo;\u00eele de Majorque organis\u00e9e par l&rsquo;APAEMA lors de certaines journ\u00e9es apicoles.<\/li>\n<\/ul>\n<\/div><\/section><\/p><\/div><div  class='flex_column av-bay42-17e1b9f6197c6305b4e08cd13f213062 av_one_half  avia-builder-el-4  el_after_av_one_half  el_before_av_section  avia-builder-el-last  flex_column_div  '     ><p>\n<style type=\"text\/css\" data-created_by=\"avia_inline_auto\" id=\"style-css-av-m1q00u17-6c9e4e1913cdd35d2c84f5097cf63843\">\n.avia-image-container.av-m1q00u17-6c9e4e1913cdd35d2c84f5097cf63843 img.avia_image{\nbox-shadow:none;\n}\n.avia-image-container.av-m1q00u17-6c9e4e1913cdd35d2c84f5097cf63843 .av-image-caption-overlay-center{\ncolor:#ffffff;\n}\n<\/style>\n<div  class='avia-image-container av-m1q00u17-6c9e4e1913cdd35d2c84f5097cf63843 av-styling- avia-align-center  avia-builder-el-5  el_before_av_image  avia-builder-el-first '   itemprop=\"image\" itemscope=\"itemscope\" itemtype=\"https:\/\/schema.org\/ImageObject\" ><div class=\"avia-image-container-inner\"><div class=\"avia-image-overlay-wrap\"><img decoding=\"async\" fetchpriority=\"high\" class='wp-image-633 avia-img-lazy-loading-not-633 avia_image ' src=\"https:\/\/labejanegra.com\/wp-content\/uploads\/2024\/10\/IMG-20231120-WA0029-1030x579.jpg\" alt='' title='IMG-20231120-WA0029'  height=\"579\" width=\"1030\"  itemprop=\"thumbnailUrl\" srcset=\"https:\/\/labejanegra.com\/wp-content\/uploads\/2024\/10\/IMG-20231120-WA0029-1030x579.jpg 1030w, https:\/\/labejanegra.com\/wp-content\/uploads\/2024\/10\/IMG-20231120-WA0029-300x169.jpg 300w, https:\/\/labejanegra.com\/wp-content\/uploads\/2024\/10\/IMG-20231120-WA0029-768x432.jpg 768w, https:\/\/labejanegra.com\/wp-content\/uploads\/2024\/10\/IMG-20231120-WA0029-1536x864.jpg 1536w, https:\/\/labejanegra.com\/wp-content\/uploads\/2024\/10\/IMG-20231120-WA0029-1500x844.jpg 1500w, https:\/\/labejanegra.com\/wp-content\/uploads\/2024\/10\/IMG-20231120-WA0029-705x397.jpg 705w, https:\/\/labejanegra.com\/wp-content\/uploads\/2024\/10\/IMG-20231120-WA0029.jpg 1600w\" sizes=\"(max-width: 1030px) 100vw, 1030px\" \/><\/div><\/div><\/div><br \/>\n\n<style type=\"text\/css\" data-created_by=\"avia_inline_auto\" id=\"style-css-av-m1n9schv-99246f0927a185e6706ae037a43a64b5\">\n.avia-image-container.av-m1n9schv-99246f0927a185e6706ae037a43a64b5 img.avia_image{\nbox-shadow:none;\n}\n.avia-image-container.av-m1n9schv-99246f0927a185e6706ae037a43a64b5 .av-image-caption-overlay-center{\ncolor:#ffffff;\n}\n<\/style>\n<div  class='avia-image-container av-m1n9schv-99246f0927a185e6706ae037a43a64b5 av-styling- avia-align-center  avia-builder-el-6  el_after_av_image  el_before_av_image '   itemprop=\"image\" itemscope=\"itemscope\" itemtype=\"https:\/\/schema.org\/ImageObject\" ><div class=\"avia-image-container-inner\"><div class=\"avia-image-overlay-wrap\"><img decoding=\"async\" fetchpriority=\"high\" class='wp-image-564 avia-img-lazy-loading-not-564 avia_image ' src=\"https:\/\/labejanegra.com\/wp-content\/uploads\/2024\/09\/WhatsApp-Image-2020-03-02-at-12.57.522-1030x774.jpeg\" alt='' title='WhatsApp Image 2020-03-02 at 12.57.52(2)'  height=\"774\" width=\"1030\"  itemprop=\"thumbnailUrl\" srcset=\"https:\/\/labejanegra.com\/wp-content\/uploads\/2024\/09\/WhatsApp-Image-2020-03-02-at-12.57.522-1030x774.jpeg 1030w, https:\/\/labejanegra.com\/wp-content\/uploads\/2024\/09\/WhatsApp-Image-2020-03-02-at-12.57.522-300x225.jpeg 300w, https:\/\/labejanegra.com\/wp-content\/uploads\/2024\/09\/WhatsApp-Image-2020-03-02-at-12.57.522-768x577.jpeg 768w, https:\/\/labejanegra.com\/wp-content\/uploads\/2024\/09\/WhatsApp-Image-2020-03-02-at-12.57.522-1536x1154.jpeg 1536w, https:\/\/labejanegra.com\/wp-content\/uploads\/2024\/09\/WhatsApp-Image-2020-03-02-at-12.57.522-1500x1127.jpeg 1500w, https:\/\/labejanegra.com\/wp-content\/uploads\/2024\/09\/WhatsApp-Image-2020-03-02-at-12.57.522-705x530.jpeg 705w, https:\/\/labejanegra.com\/wp-content\/uploads\/2024\/09\/WhatsApp-Image-2020-03-02-at-12.57.522.jpeg 1600w\" sizes=\"(max-width: 1030px) 100vw, 1030px\" \/><\/div><\/div><\/div><br \/>\n\n<style type=\"text\/css\" data-created_by=\"avia_inline_auto\" id=\"style-css-av-m1n9vw0o-10d1578aed9226f764d88ae4e277769a\">\n.avia-image-container.av-m1n9vw0o-10d1578aed9226f764d88ae4e277769a img.avia_image{\nbox-shadow:none;\n}\n.avia-image-container.av-m1n9vw0o-10d1578aed9226f764d88ae4e277769a .av-image-caption-overlay-center{\ncolor:#ffffff;\n}\n<\/style>\n<div  class='avia-image-container av-m1n9vw0o-10d1578aed9226f764d88ae4e277769a av-styling- avia-align-center  avia-builder-el-7  el_after_av_image  el_before_av_image '   itemprop=\"image\" itemscope=\"itemscope\" itemtype=\"https:\/\/schema.org\/ImageObject\" ><div class=\"avia-image-container-inner\"><div class=\"avia-image-overlay-wrap\"><img decoding=\"async\" fetchpriority=\"high\" class='wp-image-613 avia-img-lazy-loading-not-613 avia_image ' src=\"https:\/\/labejanegra.com\/wp-content\/uploads\/2024\/09\/IMG-20240706-WA0030-1-1030x773.jpg\" alt='' title='IMG-20240706-WA0030'  height=\"773\" width=\"1030\"  itemprop=\"thumbnailUrl\" srcset=\"https:\/\/labejanegra.com\/wp-content\/uploads\/2024\/09\/IMG-20240706-WA0030-1-1030x773.jpg 1030w, https:\/\/labejanegra.com\/wp-content\/uploads\/2024\/09\/IMG-20240706-WA0030-1-300x225.jpg 300w, https:\/\/labejanegra.com\/wp-content\/uploads\/2024\/09\/IMG-20240706-WA0030-1-768x576.jpg 768w, https:\/\/labejanegra.com\/wp-content\/uploads\/2024\/09\/IMG-20240706-WA0030-1-1536x1152.jpg 1536w, https:\/\/labejanegra.com\/wp-content\/uploads\/2024\/09\/IMG-20240706-WA0030-1-1500x1125.jpg 1500w, https:\/\/labejanegra.com\/wp-content\/uploads\/2024\/09\/IMG-20240706-WA0030-1-705x529.jpg 705w, https:\/\/labejanegra.com\/wp-content\/uploads\/2024\/09\/IMG-20240706-WA0030-1.jpg 2040w\" sizes=\"(max-width: 1030px) 100vw, 1030px\" \/><\/div><\/div><\/div><br \/>\n\n<style type=\"text\/css\" data-created_by=\"avia_inline_auto\" id=\"style-css-av-m1q615q6-68164191574607977dc810a1cebb6f91\">\n.avia-image-container.av-m1q615q6-68164191574607977dc810a1cebb6f91 img.avia_image{\nbox-shadow:none;\n}\n.avia-image-container.av-m1q615q6-68164191574607977dc810a1cebb6f91 .av-image-caption-overlay-center{\ncolor:#ffffff;\n}\n<\/style>\n<div  class='avia-image-container av-m1q615q6-68164191574607977dc810a1cebb6f91 av-styling- avia-align-center  avia-builder-el-8  el_after_av_image  el_before_av_image '   itemprop=\"image\" itemscope=\"itemscope\" itemtype=\"https:\/\/schema.org\/ImageObject\" ><div class=\"avia-image-container-inner\"><div class=\"avia-image-overlay-wrap\"><img decoding=\"async\" fetchpriority=\"high\" class='wp-image-688 avia-img-lazy-loading-not-688 avia_image ' src=\"https:\/\/labejanegra.com\/wp-content\/uploads\/2024\/10\/IMG-20240727-WA0005-1030x773.jpg\" alt='' title='IMG-20240727-WA0005'  height=\"773\" width=\"1030\"  itemprop=\"thumbnailUrl\" srcset=\"https:\/\/labejanegra.com\/wp-content\/uploads\/2024\/10\/IMG-20240727-WA0005-1030x773.jpg 1030w, https:\/\/labejanegra.com\/wp-content\/uploads\/2024\/10\/IMG-20240727-WA0005-300x225.jpg 300w, https:\/\/labejanegra.com\/wp-content\/uploads\/2024\/10\/IMG-20240727-WA0005-768x576.jpg 768w, https:\/\/labejanegra.com\/wp-content\/uploads\/2024\/10\/IMG-20240727-WA0005-1536x1152.jpg 1536w, https:\/\/labejanegra.com\/wp-content\/uploads\/2024\/10\/IMG-20240727-WA0005-1500x1125.jpg 1500w, https:\/\/labejanegra.com\/wp-content\/uploads\/2024\/10\/IMG-20240727-WA0005-705x529.jpg 705w, https:\/\/labejanegra.com\/wp-content\/uploads\/2024\/10\/IMG-20240727-WA0005.jpg 2048w\" sizes=\"(max-width: 1030px) 100vw, 1030px\" \/><\/div><\/div><\/div><br \/>\n\n<style type=\"text\/css\" data-created_by=\"avia_inline_auto\" id=\"style-css-av-m1q61feb-46e4f124683cf4b58c613af4c26942a7\">\n.avia-image-container.av-m1q61feb-46e4f124683cf4b58c613af4c26942a7 img.avia_image{\nbox-shadow:none;\n}\n.avia-image-container.av-m1q61feb-46e4f124683cf4b58c613af4c26942a7 .av-image-caption-overlay-center{\ncolor:#ffffff;\n}\n<\/style>\n<div  class='avia-image-container av-m1q61feb-46e4f124683cf4b58c613af4c26942a7 av-styling- avia-align-center  avia-builder-el-9  el_after_av_image  avia-builder-el-last '   itemprop=\"image\" itemscope=\"itemscope\" itemtype=\"https:\/\/schema.org\/ImageObject\" ><div class=\"avia-image-container-inner\"><div class=\"avia-image-overlay-wrap\"><img decoding=\"async\" fetchpriority=\"high\" class='wp-image-690 avia-img-lazy-loading-not-690 avia_image ' src=\"https:\/\/labejanegra.com\/wp-content\/uploads\/2024\/10\/IMG-20240516-WA0026-1030x775.jpg\" alt='' title='IMG-20240516-WA0026'  height=\"775\" width=\"1030\"  itemprop=\"thumbnailUrl\" srcset=\"https:\/\/labejanegra.com\/wp-content\/uploads\/2024\/10\/IMG-20240516-WA0026-1030x775.jpg 1030w, https:\/\/labejanegra.com\/wp-content\/uploads\/2024\/10\/IMG-20240516-WA0026-300x226.jpg 300w, https:\/\/labejanegra.com\/wp-content\/uploads\/2024\/10\/IMG-20240516-WA0026-768x578.jpg 768w, https:\/\/labejanegra.com\/wp-content\/uploads\/2024\/10\/IMG-20240516-WA0026-1536x1156.jpg 1536w, https:\/\/labejanegra.com\/wp-content\/uploads\/2024\/10\/IMG-20240516-WA0026-1500x1129.jpg 1500w, https:\/\/labejanegra.com\/wp-content\/uploads\/2024\/10\/IMG-20240516-WA0026-705x531.jpg 705w, https:\/\/labejanegra.com\/wp-content\/uploads\/2024\/10\/IMG-20240516-WA0026.jpg 1600w\" sizes=\"(max-width: 1030px) 100vw, 1030px\" \/><\/div><\/div><\/div><\/p><\/div><\/div><\/div><\/div><!-- close content main div --><\/div><\/div>\n<style type=\"text\/css\" data-created_by=\"avia_inline_auto\" id=\"style-css-av-m1q4addr-653d5d82fd49ecef1e18b24d578a2589\">\n.avia-section.av-m1q4addr-653d5d82fd49ecef1e18b24d578a2589 .av-parallax .av-parallax-inner{\nbackground-repeat:no-repeat;\nbackground-image:url(https:\/\/labejanegra.com\/wp-content\/uploads\/2024\/10\/Diapositiva1-1.jpg);\nbackground-position:50% 50%;\nbackground-attachment:scroll;\n}\n<\/style>\n<div id='av_section_1'  class='avia-section av-m1q4addr-653d5d82fd49ecef1e18b24d578a2589 main_color avia-section-default avia-no-border-styling  avia-builder-el-10  el_after_av_one_half  avia-builder-el-last  av-parallax-section avia-bg-style-parallax container_wrap sidebar_right'  data-section-bg-repeat='no-repeat'><div class='av-parallax' data-avia-parallax-ratio='0.3' ><div class='av-parallax-inner main_color avia-full-stretch'><\/div><\/div><div class='container av-section-cont-open' ><div class='template-page content  av-content-small alpha units'><div class='post-entry post-entry-type-page post-entry-854'><div class='entry-content-wrapper clearfix'>\n<div  class='flex_column av-nag2a-92da6d37da1b8f4c02840bb3ab3aac5d av_one_third  avia-builder-el-11  el_before_av_one_third  avia-builder-el-first  first flex_column_div  '     ><\/div><div  class='flex_column av-g54y2-183a4824bb9b4c5b7bd9355f40ff8b23 av_one_third  avia-builder-el-12  el_after_av_one_third  el_before_av_one_third  flex_column_div  '     ><style type=\"text\/css\" data-created_by=\"avia_inline_auto\" id=\"style-css-av-m1q403c8-8d51cdad75bb8b8a3b88f58547f523b5\">\n.avia-image-container.av-m1q403c8-8d51cdad75bb8b8a3b88f58547f523b5 img.avia_image{\nbox-shadow:none;\n}\n.avia-image-container.av-m1q403c8-8d51cdad75bb8b8a3b88f58547f523b5 .av-image-caption-overlay-center{\ncolor:#ffffff;\n}\n<\/style>\n<div  class='avia-image-container av-m1q403c8-8d51cdad75bb8b8a3b88f58547f523b5 av-styling- avia-align-center  avia-builder-el-13  avia-builder-el-no-sibling '   itemprop=\"image\" itemscope=\"itemscope\" itemtype=\"https:\/\/schema.org\/ImageObject\" ><div class=\"avia-image-container-inner\"><div class=\"avia-image-overlay-wrap\"><img decoding=\"async\" fetchpriority=\"high\" class='wp-image-272 avia-img-lazy-loading-not-272 avia_image ' src=\"https:\/\/labejanegra.com\/wp-content\/uploads\/2022\/09\/logo_abeja_slider.png\" alt='' title='logo_abeja_slider'  height=\"57\" width=\"53\"  itemprop=\"thumbnailUrl\"  \/><\/div><\/div><\/div><\/div><div  class='flex_column av-12rhe-6ddee923dbfd0f93edcada3330763ce3 av_one_third  avia-builder-el-14  el_after_av_one_third  avia-builder-el-last  flex_column_div  '     ><\/div>\n<\/div><\/div><\/div><!-- close content main div --><\/div><\/div><div id='after_section_1'  class='main_color av_default_container_wrap container_wrap sidebar_right'  ><div class='container av-section-cont-open' ><div class='template-page content  av-content-small alpha units'><div class='post-entry post-entry-type-page post-entry-854'><div class='entry-content-wrapper clearfix'><\/p>\n","protected":false},"excerpt":{"rendered":"","protected":false},"author":1,"featured_media":0,"parent":0,"menu_order":0,"comment_status":"closed","ping_status":"closed","template":"","meta":{"footnotes":""},"class_list":["post-854","page","type-page","status-publish","hentry"],"_links":{"self":[{"href":"https:\/\/labejanegra.com\/fr\/wp-json\/wp\/v2\/pages\/854","targetHints":{"allow":["GET"]}}],"collection":[{"href":"https:\/\/labejanegra.com\/fr\/wp-json\/wp\/v2\/pages"}],"about":[{"href":"https:\/\/labejanegra.com\/fr\/wp-json\/wp\/v2\/types\/page"}],"author":[{"embeddable":true,"href":"https:\/\/labejanegra.com\/fr\/wp-json\/wp\/v2\/users\/1"}],"replies":[{"embeddable":true,"href":"https:\/\/labejanegra.com\/fr\/wp-json\/wp\/v2\/comments?post=854"}],"version-history":[{"count":8,"href":"https:\/\/labejanegra.com\/fr\/wp-json\/wp\/v2\/pages\/854\/revisions"}],"predecessor-version":[{"id":944,"href":"https:\/\/labejanegra.com\/fr\/wp-json\/wp\/v2\/pages\/854\/revisions\/944"}],"wp:attachment":[{"href":"https:\/\/labejanegra.com\/fr\/wp-json\/wp\/v2\/media?parent=854"}],"curies":[{"name":"wp","href":"https:\/\/api.w.org\/{rel}","templated":true}]}}